{"id":1158,"date":"2021-10-28T12:34:26","date_gmt":"2021-10-28T12:34:26","guid":{"rendered":"http:\/\/www.gapas.org.tr\/?page_id=1158"},"modified":"2024-05-16T07:08:30","modified_gmt":"2024-05-16T07:08:30","slug":"etkinlikler","status":"publish","type":"page","link":"https:\/\/www.gapas.org.tr\/index.php\/etkinlikler\/","title":{"rendered":"Etkinlikler"},"content":{"rendered":"<h2><b>Yakla\u015fan Etkinlikler<\/b><\/h2>\n<p style=\"text-align: center;\">Gayrimenkul Sekt\u00f6r\u00fcn\u00fcn Geli\u015fimine Katk\u0131 Sunmay\u0131 Hedefleyen, Farkl\u0131 Konu\u015fmac\u0131lar\u0131n Yer Alaca\u011f\u0131, Farkl\u0131 Ba\u015fl\u0131klarda Yeni Etkinliklerimiz, Yak\u0131n Gelecekte D\u00fczenlenecektir.<\/p>\n<h2><b>Tamamlanan Etkinlikler<\/b><\/h2>\n<p>\t\t\t\t\t\t\t\t\t\t\t\t\t\t\t\t<a href=\"http:\/\/bit.ly\/3FH16ZL\"><br \/>\n\t\t\t\t\t\t\t<img fetchpriority=\"high\" decoding=\"async\" width=\"768\" height=\"768\" src=\"https:\/\/www.gapas.org.tr\/wp-content\/uploads\/2022\/02\/gapas-sb-1-3-768x768.jpg\" alt=\"\" srcset=\"https:\/\/www.gapas.org.tr\/wp-content\/uploads\/2022\/02\/gapas-sb-1-3-768x768.jpg 768w, https:\/\/www.gapas.org.tr\/wp-content\/uploads\/2022\/02\/gapas-sb-1-3-300x300.jpg 300w, https:\/\/www.gapas.org.tr\/wp-content\/uploads\/2022\/02\/gapas-sb-1-3-1024x1024.jpg 1024w, https:\/\/www.gapas.org.tr\/wp-content\/uploads\/2022\/02\/gapas-sb-1-3-150x150.jpg 150w, https:\/\/www.gapas.org.tr\/wp-content\/uploads\/2022\/02\/gapas-sb-1-3.jpg 1080w\" sizes=\"(max-width: 768px) 100vw, 768px\" \/>\t\t\t\t\t\t\t\t<\/a><br \/>\n\t\t\t\t\t\t\t\t\t\t\t\t\t\t\t<img decoding=\"async\" width=\"768\" height=\"768\" src=\"https:\/\/www.gapas.org.tr\/wp-content\/uploads\/2022\/01\/gapas-11-768x768.jpg\" alt=\"\" srcset=\"https:\/\/www.gapas.org.tr\/wp-content\/uploads\/2022\/01\/gapas-11-768x768.jpg 768w, https:\/\/www.gapas.org.tr\/wp-content\/uploads\/2022\/01\/gapas-11-300x300.jpg 300w, https:\/\/www.gapas.org.tr\/wp-content\/uploads\/2022\/01\/gapas-11-1024x1024.jpg 1024w, https:\/\/www.gapas.org.tr\/wp-content\/uploads\/2022\/01\/gapas-11-150x150.jpg 150w, https:\/\/www.gapas.org.tr\/wp-content\/uploads\/2022\/01\/gapas-11.jpg 1080w\" sizes=\"(max-width: 768px) 100vw, 768px\" \/><br \/>\n\t\t\t\t\t\t\t\t\t\t\t\t\t\t\t<img decoding=\"async\" width=\"768\" height=\"767\" src=\"https:\/\/www.gapas.org.tr\/wp-content\/uploads\/2022\/01\/ggggggggggggggggggggggggg-768x767.png\" alt=\"\" srcset=\"https:\/\/www.gapas.org.tr\/wp-content\/uploads\/2022\/01\/ggggggggggggggggggggggggg-768x767.png 768w, https:\/\/www.gapas.org.tr\/wp-content\/uploads\/2022\/01\/ggggggggggggggggggggggggg-300x300.png 300w, https:\/\/www.gapas.org.tr\/wp-content\/uploads\/2022\/01\/ggggggggggggggggggggggggg-150x150.png 150w, https:\/\/www.gapas.org.tr\/wp-content\/uploads\/2022\/01\/ggggggggggggggggggggggggg.png 801w\" sizes=\"(max-width: 768px) 100vw, 768px\" \/><br \/>\n\t\t\t\t\t\t\t\t\t\t\t\t\t\t\t<img loading=\"lazy\" decoding=\"async\" width=\"768\" height=\"768\" src=\"https:\/\/www.gapas.org.tr\/wp-content\/uploads\/2021\/11\/WhatsApp-Image-2021-11-18-at-13.38.26-768x768.jpeg\" alt=\"\" srcset=\"https:\/\/www.gapas.org.tr\/wp-content\/uploads\/2021\/11\/WhatsApp-Image-2021-11-18-at-13.38.26-768x768.jpeg 768w, https:\/\/www.gapas.org.tr\/wp-content\/uploads\/2021\/11\/WhatsApp-Image-2021-11-18-at-13.38.26-300x300.jpeg 300w, https:\/\/www.gapas.org.tr\/wp-content\/uploads\/2021\/11\/WhatsApp-Image-2021-11-18-at-13.38.26-1024x1024.jpeg 1024w, https:\/\/www.gapas.org.tr\/wp-content\/uploads\/2021\/11\/WhatsApp-Image-2021-11-18-at-13.38.26-150x150.jpeg 150w, https:\/\/www.gapas.org.tr\/wp-content\/uploads\/2021\/11\/WhatsApp-Image-2021-11-18-at-13.38.26.jpeg 1080w\" sizes=\"(max-width: 768px) 100vw, 768px\" \/><br \/>\n\t\t\t\t\t\t\t\t\t\t\t\t\t\t\t<img loading=\"lazy\" decoding=\"async\" width=\"768\" height=\"384\" src=\"https:\/\/www.gapas.org.tr\/wp-content\/uploads\/2021\/11\/Serbest-Kursu-4-yatay-768x384.png\" alt=\"\" srcset=\"https:\/\/www.gapas.org.tr\/wp-content\/uploads\/2021\/11\/Serbest-Kursu-4-yatay-768x384.png 768w, https:\/\/www.gapas.org.tr\/wp-content\/uploads\/2021\/11\/Serbest-Kursu-4-yatay-300x150.png 300w, https:\/\/www.gapas.org.tr\/wp-content\/uploads\/2021\/11\/Serbest-Kursu-4-yatay-1024x512.png 1024w, https:\/\/www.gapas.org.tr\/wp-content\/uploads\/2021\/11\/Serbest-Kursu-4-yatay-1536x768.png 1536w, https:\/\/www.gapas.org.tr\/wp-content\/uploads\/2021\/11\/Serbest-Kursu-4-yatay-2048x1024.png 2048w\" sizes=\"(max-width: 768px) 100vw, 768px\" \/><br \/>\n\t\t\t\t\t\t\t\t\t\t\t\t\t\t\t<img loading=\"lazy\" decoding=\"async\" width=\"768\" height=\"384\" src=\"https:\/\/www.gapas.org.tr\/wp-content\/uploads\/2021\/11\/Serbest-Kursu-2-1-768x384.png\" alt=\"\" srcset=\"https:\/\/www.gapas.org.tr\/wp-content\/uploads\/2021\/11\/Serbest-Kursu-2-1-768x384.png 768w, https:\/\/www.gapas.org.tr\/wp-content\/uploads\/2021\/11\/Serbest-Kursu-2-1-300x150.png 300w, https:\/\/www.gapas.org.tr\/wp-content\/uploads\/2021\/11\/Serbest-Kursu-2-1-1024x512.png 1024w, https:\/\/www.gapas.org.tr\/wp-content\/uploads\/2021\/11\/Serbest-Kursu-2-1-1536x768.png 1536w, https:\/\/www.gapas.org.tr\/wp-content\/uploads\/2021\/11\/Serbest-Kursu-2-1-2048x1024.png 2048w\" sizes=\"(max-width: 768px) 100vw, 768px\" \/><br \/>\n\t\t\t\t\t\t\t\t\t\t\t\t\t\t\t<img loading=\"lazy\" decoding=\"async\" width=\"768\" height=\"384\" src=\"https:\/\/www.gapas.org.tr\/wp-content\/uploads\/2021\/05\/Serbest-Kursu-2--768x384.png\" alt=\"\" srcset=\"https:\/\/www.gapas.org.tr\/wp-content\/uploads\/2021\/05\/Serbest-Kursu-2--768x384.png 768w, https:\/\/www.gapas.org.tr\/wp-content\/uploads\/2021\/05\/Serbest-Kursu-2--300x150.png 300w, https:\/\/www.gapas.org.tr\/wp-content\/uploads\/2021\/05\/Serbest-Kursu-2--1024x512.png 1024w, https:\/\/www.gapas.org.tr\/wp-content\/uploads\/2021\/05\/Serbest-Kursu-2--1536x768.png 1536w, https:\/\/www.gapas.org.tr\/wp-content\/uploads\/2021\/05\/Serbest-Kursu-2--2048x1024.png 2048w\" sizes=\"(max-width: 768px) 100vw, 768px\" \/><br \/>\n\t\t\t\t\t\t\t\t\t\t\t\t\t\t\t<img loading=\"lazy\" decoding=\"async\" width=\"768\" height=\"516\" src=\"https:\/\/www.gapas.org.tr\/wp-content\/uploads\/2021\/11\/Egitim-Gorseli-Mailing-768x516.png\" alt=\"\" srcset=\"https:\/\/www.gapas.org.tr\/wp-content\/uploads\/2021\/11\/Egitim-Gorseli-Mailing-768x516.png 768w, https:\/\/www.gapas.org.tr\/wp-content\/uploads\/2021\/11\/Egitim-Gorseli-Mailing-300x202.png 300w, https:\/\/www.gapas.org.tr\/wp-content\/uploads\/2021\/11\/Egitim-Gorseli-Mailing-1024x688.png 1024w, https:\/\/www.gapas.org.tr\/wp-content\/uploads\/2021\/11\/Egitim-Gorseli-Mailing.png 1441w\" sizes=\"(max-width: 768px) 100vw, 768px\" \/><\/p>\n","protected":false},"excerpt":{"rendered":"<p>Yakla\u015fan Etkinlikler Gayrimenkul Sekt\u00f6r\u00fcn\u00fcn Geli\u015fimine Katk\u0131 Sunmay\u0131 Hedefleyen, Farkl\u0131 Konu\u015fmac\u0131lar\u0131n Yer Alaca\u011f\u0131, Farkl\u0131 Ba\u015fl\u0131klarda Yeni Etkinliklerimiz, Yak\u0131n Gelecekte D\u00fczenlenecektir. Tamamlanan Etkinlikler<\/p>\n","protected":false},"author":1,"featured_media":0,"parent":0,"menu_order":0,"comment_status":"closed","ping_status":"closed","template":"","meta":{"footnotes":""},"class_list":["post-1158","page","type-page","status-publish","hentry"],"_links":{"self":[{"href":"https:\/\/www.gapas.org.tr\/index.php\/wp-json\/wp\/v2\/pages\/1158","targetHints":{"allow":["GET"]}}],"collection":[{"href":"https:\/\/www.gapas.org.tr\/index.php\/wp-json\/wp\/v2\/pages"}],"about":[{"href":"https:\/\/www.gapas.org.tr\/index.php\/wp-json\/wp\/v2\/types\/page"}],"author":[{"embeddable":true,"href":"https:\/\/www.gapas.org.tr\/index.php\/wp-json\/wp\/v2\/users\/1"}],"replies":[{"embeddable":true,"href":"https:\/\/www.gapas.org.tr\/index.php\/wp-json\/wp\/v2\/comments?post=1158"}],"version-history":[{"count":47,"href":"https:\/\/www.gapas.org.tr\/index.php\/wp-json\/wp\/v2\/pages\/1158\/revisions"}],"predecessor-version":[{"id":2090,"href":"https:\/\/www.gapas.org.tr\/index.php\/wp-json\/wp\/v2\/pages\/1158\/revisions\/2090"}],"wp:attachment":[{"href":"https:\/\/www.gapas.org.tr\/index.php\/wp-json\/wp\/v2\/media?parent=1158"}],"curies":[{"name":"wp","href":"https:\/\/api.w.org\/{rel}","templated":true}]}}