{"id":1592,"date":"2023-08-09T06:34:01","date_gmt":"2023-08-09T06:34:01","guid":{"rendered":"http:\/\/www.gapas.org.tr\/?page_id=1592"},"modified":"2024-09-20T07:19:13","modified_gmt":"2024-09-20T07:19:13","slug":"baskanin-mesaji-duplicate-285","status":"publish","type":"page","link":"https:\/\/www.gapas.org.tr\/index.php\/baskanin-mesaji-duplicate-285\/","title":{"rendered":"Dan\u0131\u015fma Kurulu"},"content":{"rendered":"\t\t<div data-elementor-type=\"wp-page\" data-elementor-id=\"1592\" class=\"elementor elementor-1592\">\n\t\t\t\t\t\t\t\t\t<section class=\"elementor-section elementor-top-section elementor-element elementor-element-40177ae0 elementor-section-boxed elementor-section-height-default elementor-section-height-default\" data-id=\"40177ae0\" data-element_type=\"section\">\n\t\t\t\t\t\t<div class=\"elementor-container elementor-column-gap-no\">\n\t\t\t\t\t<div class=\"elementor-column elementor-col-33 elementor-top-column elementor-element elementor-element-2828f573\" data-id=\"2828f573\" data-element_type=\"column\">\n\t\t\t<div class=\"elementor-widget-wrap elementor-element-populated\">\n\t\t\t\t\t\t\t\t\t<\/div>\n\t\t<\/div>\n\t\t\t\t<div class=\"elementor-column elementor-col-33 elementor-top-column elementor-element elementor-element-7deb73f\" data-id=\"7deb73f\" data-element_type=\"column\">\n\t\t\t<div class=\"elementor-widget-wrap\">\n\t\t\t\t\t\t\t\t\t<\/div>\n\t\t<\/div>\n\t\t\t\t<div class=\"elementor-column elementor-col-33 elementor-top-column elementor-element elementor-element-48096891\" data-id=\"48096891\" data-element_type=\"column\">\n\t\t\t<div class=\"elementor-widget-wrap elementor-element-populated\">\n\t\t\t\t\t\t\t\t<div class=\"elementor-element elementor-element-44ce5982 elementor-widget elementor-widget-text-editor\" data-id=\"44ce5982\" data-element_type=\"widget\" data-widget_type=\"text-editor.default\">\n\t\t\t\t<div class=\"elementor-widget-container\">\n\t\t\t\t\t\t\t<p><span style=\"color: #000000;\"><strong>GAPAS DANI\u015eMA KURULU<\/strong><\/span><\/p>\t\t\t\t\t\t<\/div>\n\t\t\t\t<\/div>\n\t\t\t\t<div class=\"elementor-element elementor-element-e56ab06 elementor-widget elementor-widget-text-editor\" data-id=\"e56ab06\" data-element_type=\"widget\" data-widget_type=\"text-editor.default\">\n\t\t\t\t<div class=\"elementor-widget-container\">\n\t\t\t\t\t\t\t<p><span style=\"color: #bc9947;\"><b>BA\u015eKAN<\/b><\/span><\/p><p><a href=\"https:\/\/www.linkedin.com\/in\/bilge-%C3%B6zdemir-a28b9670\/\">Bilge \u00d6ZDEM\u0130R<\/a><\/p><p><span style=\"color: #bc9947;\"><b>\u00dcYELER\u00a0<\/b><\/span><i style=\"color: #bc9947; font-family: inherit; font-weight: inherit;\">(Ada g\u00f6re alfabetik s\u0131rada)<\/i><\/p><p><span style=\"color: #bc9947;\"><a href=\"https:\/\/www.linkedin.com\/in\/celal-toprak-1a9275b0\/\">Celal TOPRAK<\/a><\/span><\/p><p><span style=\"color: #bc9947; font-size: 16px;\"><a href=\"https:\/\/www.linkedin.com\/in\/murat-ergin-kuzeybati\/\">Murat ERG\u0130N<\/a><\/span><\/p><p><span style=\"color: #bc9947;\"><a href=\"https:\/\/www.linkedin.com\/in\/prof-dr-murat-kasimoglu-850a1627\/\">Prof. Dr. Murat KASIMO\u011eLU<\/a><\/span><\/p><p><span style=\"color: #bc9947;\"><a href=\"https:\/\/www.linkedin.com\/in\/muratozdemir7153\/\">Dr. Murat \u00d6ZDEM\u0130R<\/a><\/span><\/p><p><span style=\"color: #bc9947;\"><a href=\"https:\/\/www.linkedin.com\/in\/nese-beyatli-0b963735\/\">Ne\u015fe BEYATLI AYDINER<\/a><\/span><\/p><p><span style=\"color: #bc9947;\"><a href=\"https:\/\/www.linkedin.com\/in\/farukakbal\/\">\u00d6mer Faruk AKBAL<\/a><\/span><\/p><p><span style=\"color: #bc9947;\"><a href=\"https:\/\/www.linkedin.com\/in\/vedat-arslan-52902b9\/\">Vedat ARSLAN<\/a><\/span><\/p><p><span style=\"color: #bc9947;\"><a href=\"https:\/\/www.linkedin.com\/in\/zafer-baysal-5b349a168\/\">Zafer BAYSAL<\/a><\/span><\/p>\t\t\t\t\t\t<\/div>\n\t\t\t\t<\/div>\n\t\t\t\t\t<\/div>\n\t\t<\/div>\n\t\t\t\t\t\t\t<\/div>\n\t\t<\/section>\n\t\t\t\t\t\t\t<\/div>\n\t\t","protected":false},"excerpt":{"rendered":"<p>GAPAS DANI\u015eMA KURULU BA\u015eKAN Bilge \u00d6ZDEM\u0130R \u00dcYELER\u00a0(Ada g\u00f6re alfabetik s\u0131rada) Celal TOPRAK Murat ERG\u0130N Prof. Dr. Murat KASIMO\u011eLU Dr. Murat \u00d6ZDEM\u0130R Ne\u015fe BEYATLI AYDINER \u00d6mer Faruk AKBAL Vedat ARSLAN Zafer BAYSAL<\/p>\n","protected":false},"author":1,"featured_media":0,"parent":0,"menu_order":0,"comment_status":"closed","ping_status":"closed","template":"elementor_header_footer","meta":{"footnotes":""},"class_list":["post-1592","page","type-page","status-publish","hentry"],"_links":{"self":[{"href":"https:\/\/www.gapas.org.tr\/index.php\/wp-json\/wp\/v2\/pages\/1592","targetHints":{"allow":["GET"]}}],"collection":[{"href":"https:\/\/www.gapas.org.tr\/index.php\/wp-json\/wp\/v2\/pages"}],"about":[{"href":"https:\/\/www.gapas.org.tr\/index.php\/wp-json\/wp\/v2\/types\/page"}],"author":[{"embeddable":true,"href":"https:\/\/www.gapas.org.tr\/index.php\/wp-json\/wp\/v2\/users\/1"}],"replies":[{"embeddable":true,"href":"https:\/\/www.gapas.org.tr\/index.php\/wp-json\/wp\/v2\/comments?post=1592"}],"version-history":[{"count":42,"href":"https:\/\/www.gapas.org.tr\/index.php\/wp-json\/wp\/v2\/pages\/1592\/revisions"}],"predecessor-version":[{"id":2388,"href":"https:\/\/www.gapas.org.tr\/index.php\/wp-json\/wp\/v2\/pages\/1592\/revisions\/2388"}],"wp:attachment":[{"href":"https:\/\/www.gapas.org.tr\/index.php\/wp-json\/wp\/v2\/media?parent=1592"}],"curies":[{"name":"wp","href":"https:\/\/api.w.org\/{rel}","templated":true}]}}