{"id":219,"date":"2020-04-13T11:18:52","date_gmt":"2020-04-13T11:18:52","guid":{"rendered":"http:\/\/www.gapas.org.tr\/index.php\/about\/"},"modified":"2025-12-29T08:09:44","modified_gmt":"2025-12-29T08:09:44","slug":"hakkimizda","status":"publish","type":"page","link":"https:\/\/www.gapas.org.tr\/index.php\/hakkimizda\/","title":{"rendered":"Hakk\u0131m\u0131zda"},"content":{"rendered":"\t\t<div data-elementor-type=\"wp-page\" data-elementor-id=\"219\" class=\"elementor elementor-219\">\n\t\t\t\t\t\t\t\t\t<section class=\"elementor-section elementor-top-section elementor-element elementor-element-40177ae0 elementor-section-full_width elementor-section-height-default elementor-section-height-default\" data-id=\"40177ae0\" data-element_type=\"section\">\n\t\t\t\t\t\t<div class=\"elementor-container elementor-column-gap-no\">\n\t\t\t\t\t<div class=\"elementor-column elementor-col-33 elementor-top-column elementor-element elementor-element-2828f573\" data-id=\"2828f573\" data-element_type=\"column\">\n\t\t\t<div class=\"elementor-widget-wrap elementor-element-populated\">\n\t\t\t\t\t\t\t\t<div class=\"elementor-element elementor-element-984896d elementor-widget elementor-widget-image\" data-id=\"984896d\" data-element_type=\"widget\" data-widget_type=\"image.default\">\n\t\t\t\t<div class=\"elementor-widget-container\">\n\t\t\t\t\t\t\t\t\t\t\t\t\t\t\t<img fetchpriority=\"high\" decoding=\"async\" width=\"629\" height=\"262\" src=\"https:\/\/www.gapas.org.tr\/wp-content\/uploads\/2020\/05\/GAPAS-LOGO.png\" class=\"attachment-medium_large size-medium_large wp-image-11\" alt=\"\" srcset=\"https:\/\/www.gapas.org.tr\/wp-content\/uploads\/2020\/05\/GAPAS-LOGO.png 629w, https:\/\/www.gapas.org.tr\/wp-content\/uploads\/2020\/05\/GAPAS-LOGO-300x125.png 300w\" sizes=\"(max-width: 629px) 100vw, 629px\" \/>\t\t\t\t\t\t\t\t\t\t\t\t\t\t\t<\/div>\n\t\t\t\t<\/div>\n\t\t\t\t\t<\/div>\n\t\t<\/div>\n\t\t\t\t<div class=\"elementor-column elementor-col-33 elementor-top-column elementor-element elementor-element-06eedfe\" data-id=\"06eedfe\" data-element_type=\"column\">\n\t\t\t<div class=\"elementor-widget-wrap\">\n\t\t\t\t\t\t\t\t\t<\/div>\n\t\t<\/div>\n\t\t\t\t<div class=\"elementor-column elementor-col-33 elementor-top-column elementor-element elementor-element-48096891\" data-id=\"48096891\" data-element_type=\"column\">\n\t\t\t<div class=\"elementor-widget-wrap elementor-element-populated\">\n\t\t\t\t\t\t\t\t<div class=\"elementor-element elementor-element-44ce5982 elementor-widget elementor-widget-text-editor\" data-id=\"44ce5982\" data-element_type=\"widget\" data-widget_type=\"text-editor.default\">\n\t\t\t\t<div class=\"elementor-widget-container\">\n\t\t\t\t\t\t\t<p>GAPAS, gayrimenkul pazarlama ve sat\u0131\u015f alan\u0131nda etik, \u015feffafl\u0131k ve mesleki yetkinli\u011fi merkeze alan bir yakla\u015f\u0131mla sekt\u00f6r\u00fcn geli\u015fimine y\u00f6n vermeyi, bu alanda \u00e7al\u0131\u015fan profesyonellerin bilgi, beceri ve karar kalitesini art\u0131rmay\u0131, sekt\u00f6re bilimsel, deneyimsel ve veri temelli bilgi \u00fcretip kazand\u0131rmay\u0131 ama\u00e7layan bir yap\u0131d\u0131r.<\/p><p>Dernek sat\u0131c\u0131, al\u0131c\u0131 ve kirac\u0131 ba\u015fta olmak \u00fczere t\u00fcm piyasa payda\u015flar\u0131 i\u00e7in pazarlama, sat\u0131\u015f ve kiralama s\u00fcre\u00e7lerinde ba\u015fvurulan bir dan\u0131\u015fma ve referans kurumu olmay\u0131 hedefler.<\/p>\t\t\t\t\t\t<\/div>\n\t\t\t\t<\/div>\n\t\t\t\t<div class=\"elementor-element elementor-element-e56ab06 elementor-widget elementor-widget-text-editor\" data-id=\"e56ab06\" data-element_type=\"widget\" data-widget_type=\"text-editor.default\">\n\t\t\t\t<div class=\"elementor-widget-container\">\n\t\t\t\t\t\t\t<p>2020 y\u0131l\u0131nda kurulan Gayrimenkul Pazarlama ve Sat\u0131\u015f Profesyonelleri Derne\u011fi (GAPAS), gayrimenkul pazarlama ve sat\u0131\u015f ekosisteminin yetkin liderlerini bir araya getiren ve referans g\u00f6sterilen bir dernektir.<\/p><p>\u00dcyeleri, T\u00fcrkiye\u2019de ve uluslararas\u0131 alanda aktif rol alan, alan\u0131nda deneyimli ve sorumluluk sahibi profesyonellerden olu\u015fur. GAPAS sekt\u00f6rel standartlar\u0131n tan\u0131mlanmas\u0131, etik \u00e7er\u00e7evenin g\u00fc\u00e7lendirilmesi ve sa\u011fl\u0131kl\u0131 karar alma s\u00fcre\u00e7lerinin desteklenmesi i\u00e7in bilgi \u00fcretir, payla\u015f\u0131r ve yayg\u0131nla\u015ft\u0131r\u0131r.<\/p><p>GAPAS\u2019\u0131n temel amac\u0131 dernek \u00fcyeleri ile yat\u0131r\u0131mc\u0131lar, geli\u015ftiriciler, kurumlar ve di\u011fer payda\u015flar aras\u0131nda nitelikli i\u015f birlikleri kurulmas\u0131n\u0131 sa\u011flamak, \u00fcyelerinin sekt\u00f6rel bilgi, vizyon ve yetkinliklerini s\u00fcrekli geli\u015ftirmek, mesleki itibar\u0131 ve g\u00fcveni g\u00fc\u00e7lendirmek ve sekt\u00f6r genelinde ortak akla dayal\u0131 bir zemin olu\u015fturmakt\u0131r.<\/p><p>Bu do\u011frultuda GAPAS e\u011fitimler, at\u00f6lyeler, raporlar ve platformlar arac\u0131l\u0131\u011f\u0131yla gayrimenkul pazarlama ve sat\u0131\u015f alan\u0131nda standart belirleyen ve yol g\u00f6steren bir otorite olarak konumlan\u0131r.<\/p>\t\t\t\t\t\t<\/div>\n\t\t\t\t<\/div>\n\t\t\t\t<div class=\"elementor-element elementor-element-41a203d elementor-widget elementor-widget-text-editor\" data-id=\"41a203d\" data-element_type=\"widget\" data-widget_type=\"text-editor.default\">\n\t\t\t\t<div class=\"elementor-widget-container\">\n\t\t\t\t\t\t\t<p><strong>Gelece\u011fi birlikte in\u015fa ediyoruz.<\/strong><\/p>\t\t\t\t\t\t<\/div>\n\t\t\t\t<\/div>\n\t\t\t\t\t<\/div>\n\t\t<\/div>\n\t\t\t\t\t\t\t<\/div>\n\t\t<\/section>\n\t\t\t\t<section class=\"elementor-section elementor-top-section elementor-element elementor-element-88095be elementor-section-boxed elementor-section-height-default elementor-section-height-default\" data-id=\"88095be\" data-element_type=\"section\" data-settings=\"{&quot;background_background&quot;:&quot;classic&quot;}\">\n\t\t\t\t\t\t<div class=\"elementor-container elementor-column-gap-no\">\n\t\t\t\t\t<div class=\"elementor-column elementor-col-33 elementor-top-column elementor-element elementor-element-b59566c\" data-id=\"b59566c\" data-element_type=\"column\">\n\t\t\t<div class=\"elementor-widget-wrap elementor-element-populated\">\n\t\t\t\t\t\t\t\t<div class=\"elementor-element elementor-element-6da5d57 elementor-widget-divider--view-line elementor-widget elementor-widget-divider\" data-id=\"6da5d57\" data-element_type=\"widget\" data-widget_type=\"divider.default\">\n\t\t\t\t<div class=\"elementor-widget-container\">\n\t\t\t\t\t<div class=\"elementor-divider\">\n\t\t\t<span class=\"elementor-divider-separator\">\n\t\t\t\t\t\t<\/span>\n\t\t<\/div>\n\t\t\t\t<\/div>\n\t\t\t\t<\/div>\n\t\t\t\t<div class=\"elementor-element elementor-element-08f8146 elementor-widget elementor-widget-heading\" data-id=\"08f8146\" data-element_type=\"widget\" data-widget_type=\"heading.default\">\n\t\t\t\t<div class=\"elementor-widget-container\">\n\t\t\t<h2 class=\"elementor-heading-title elementor-size-default\">Misyonumuz<\/h2>\t\t<\/div>\n\t\t\t\t<\/div>\n\t\t\t\t<div class=\"elementor-element elementor-element-22d806f elementor-widget elementor-widget-text-editor\" data-id=\"22d806f\" data-element_type=\"widget\" data-widget_type=\"text-editor.default\">\n\t\t\t\t<div class=\"elementor-widget-container\">\n\t\t\t\t\t\t\t<p>Gayrimenkul pazarlama ve sat\u0131\u015f alan\u0131nda faaliyet g\u00f6steren profesyonelleri temsil eden bir dernek olarak; etik ve profesyonel standartlar\u0131n olu\u015fmas\u0131na \u00f6nc\u00fcl\u00fck etmek, veriye dayal\u0131 bilgi \u00fcretmek ve payla\u015fmak, \u00fcyelerimizin mesleki yetkinli\u011fini, g\u00fcvenilirli\u011fini, network imkanlar\u0131n\u0131 ve sekt\u00f6rel etkisini g\u00fc\u00e7lendirmek.<\/p>\t\t\t\t\t\t<\/div>\n\t\t\t\t<\/div>\n\t\t\t\t\t<\/div>\n\t\t<\/div>\n\t\t\t\t<div class=\"elementor-column elementor-col-33 elementor-top-column elementor-element elementor-element-bca9a20\" data-id=\"bca9a20\" data-element_type=\"column\">\n\t\t\t<div class=\"elementor-widget-wrap elementor-element-populated\">\n\t\t\t\t\t\t\t\t<div class=\"elementor-element elementor-element-700d206 elementor-widget-divider--view-line elementor-widget elementor-widget-divider\" data-id=\"700d206\" data-element_type=\"widget\" data-widget_type=\"divider.default\">\n\t\t\t\t<div class=\"elementor-widget-container\">\n\t\t\t\t\t<div class=\"elementor-divider\">\n\t\t\t<span class=\"elementor-divider-separator\">\n\t\t\t\t\t\t<\/span>\n\t\t<\/div>\n\t\t\t\t<\/div>\n\t\t\t\t<\/div>\n\t\t\t\t<div class=\"elementor-element elementor-element-aa773a3 elementor-widget elementor-widget-heading\" data-id=\"aa773a3\" data-element_type=\"widget\" data-widget_type=\"heading.default\">\n\t\t\t\t<div class=\"elementor-widget-container\">\n\t\t\t<h2 class=\"elementor-heading-title elementor-size-default\">Vizyonumuz<\/h2>\t\t<\/div>\n\t\t\t\t<\/div>\n\t\t\t\t<div class=\"elementor-element elementor-element-ccbd346 elementor-widget elementor-widget-text-editor\" data-id=\"ccbd346\" data-element_type=\"widget\" data-widget_type=\"text-editor.default\">\n\t\t\t\t<div class=\"elementor-widget-container\">\n\t\t\t\t\t\t\t<p>T\u00fcrkiye\u2019de gayrimenkul pazarlama ve sat\u0131\u015f alan\u0131nda bilgiye, etik ilkelere ve ortak standartlara dayal\u0131 yakla\u015f\u0131m\u0131yla referans kabul edilen; sekt\u00f6rel geli\u015fime y\u00f6n veren yetkin ve g\u00fcvenilir otorite olmak.<\/p>\t\t\t\t\t\t<\/div>\n\t\t\t\t<\/div>\n\t\t\t\t\t<\/div>\n\t\t<\/div>\n\t\t\t\t<div class=\"elementor-column elementor-col-33 elementor-top-column elementor-element elementor-element-6b0d72f\" data-id=\"6b0d72f\" data-element_type=\"column\">\n\t\t\t<div class=\"elementor-widget-wrap elementor-element-populated\">\n\t\t\t\t\t\t\t\t<div class=\"elementor-element elementor-element-812f2bd elementor-widget-divider--view-line elementor-widget elementor-widget-divider\" data-id=\"812f2bd\" data-element_type=\"widget\" data-widget_type=\"divider.default\">\n\t\t\t\t<div class=\"elementor-widget-container\">\n\t\t\t\t\t<div class=\"elementor-divider\">\n\t\t\t<span class=\"elementor-divider-separator\">\n\t\t\t\t\t\t<\/span>\n\t\t<\/div>\n\t\t\t\t<\/div>\n\t\t\t\t<\/div>\n\t\t\t\t<div class=\"elementor-element elementor-element-30cd69e elementor-widget elementor-widget-heading\" data-id=\"30cd69e\" data-element_type=\"widget\" data-widget_type=\"heading.default\">\n\t\t\t\t<div class=\"elementor-widget-container\">\n\t\t\t<h2 class=\"elementor-heading-title elementor-size-default\">Hedeflerimiz<\/h2>\t\t<\/div>\n\t\t\t\t<\/div>\n\t\t\t\t<div class=\"elementor-element elementor-element-9f92279 elementor-widget__width-initial elementor-icon-list--layout-traditional elementor-list-item-link-full_width elementor-widget elementor-widget-icon-list\" data-id=\"9f92279\" data-element_type=\"widget\" data-widget_type=\"icon-list.default\">\n\t\t\t\t<div class=\"elementor-widget-container\">\n\t\t\t\t\t<ul class=\"elementor-icon-list-items\">\n\t\t\t\t\t\t\t<li class=\"elementor-icon-list-item\">\n\t\t\t\t\t\t\t\t\t\t\t<span class=\"elementor-icon-list-icon\">\n\t\t\t\t\t\t\t<i aria-hidden=\"true\" class=\"fas fa-caret-right\"><\/i>\t\t\t\t\t\t<\/span>\n\t\t\t\t\t\t\t\t\t\t<span class=\"elementor-icon-list-text\">\u015eeffaf ve g\u00fcvenilir sekt\u00f6r raporlar\u0131 \u00fcretmek<\/span>\n\t\t\t\t\t\t\t\t\t<\/li>\n\t\t\t\t\t\t\t\t<li class=\"elementor-icon-list-item\">\n\t\t\t\t\t\t\t\t\t\t\t<span class=\"elementor-icon-list-icon\">\n\t\t\t\t\t\t\t<i aria-hidden=\"true\" class=\"fas fa-caret-right\"><\/i>\t\t\t\t\t\t<\/span>\n\t\t\t\t\t\t\t\t\t\t<span class=\"elementor-icon-list-text\">Mesleki ve etik standartlar\u0131 tan\u0131mlamak ve yayg\u0131nla\u015ft\u0131rmak<\/span>\n\t\t\t\t\t\t\t\t\t<\/li>\n\t\t\t\t\t\t\t\t<li class=\"elementor-icon-list-item\">\n\t\t\t\t\t\t\t\t\t\t\t<span class=\"elementor-icon-list-icon\">\n\t\t\t\t\t\t\t<i aria-hidden=\"true\" class=\"fas fa-caret-right\"><\/i>\t\t\t\t\t\t<\/span>\n\t\t\t\t\t\t\t\t\t\t<span class=\"elementor-icon-list-text\">Donan\u0131ml\u0131, bilin\u00e7li ve sorumluluk sahibi sekt\u00f6r profesyonelleri yeti\u015fmesine katk\u0131 sa\u011flamak<\/span>\n\t\t\t\t\t\t\t\t\t<\/li>\n\t\t\t\t\t\t\t\t<li class=\"elementor-icon-list-item\">\n\t\t\t\t\t\t\t\t\t\t\t<span class=\"elementor-icon-list-icon\">\n\t\t\t\t\t\t\t<i aria-hidden=\"true\" class=\"fas fa-caret-right\"><\/i>\t\t\t\t\t\t<\/span>\n\t\t\t\t\t\t\t\t\t\t<span class=\"elementor-icon-list-text\">Sekt\u00f6rel konularda referans al\u0131nan bir otorite olmak<\/span>\n\t\t\t\t\t\t\t\t\t<\/li>\n\t\t\t\t\t\t\t\t<li class=\"elementor-icon-list-item\">\n\t\t\t\t\t\t\t\t\t\t\t<span class=\"elementor-icon-list-icon\">\n\t\t\t\t\t\t\t<i aria-hidden=\"true\" class=\"fas fa-caret-right\"><\/i>\t\t\t\t\t\t<\/span>\n\t\t\t\t\t\t\t\t\t\t<span class=\"elementor-icon-list-text\">Ortak ak\u0131l ve bilgi payla\u015f\u0131m\u0131n\u0131 g\u00fc\u00e7lendirmek<\/span>\n\t\t\t\t\t\t\t\t\t<\/li>\n\t\t\t\t\t\t<\/ul>\n\t\t\t\t<\/div>\n\t\t\t\t<\/div>\n\t\t\t\t\t<\/div>\n\t\t<\/div>\n\t\t\t\t\t\t\t<\/div>\n\t\t<\/section>\n\t\t\t\t\t\t\t<\/div>\n\t\t","protected":false},"excerpt":{"rendered":"<p>GAPAS, gayrimenkul pazarlama ve sat\u0131\u015f alan\u0131nda etik, \u015feffafl\u0131k ve mesleki yetkinli\u011fi merkeze alan bir yakla\u015f\u0131mla sekt\u00f6r\u00fcn geli\u015fimine y\u00f6n vermeyi, bu alanda \u00e7al\u0131\u015fan profesyonellerin bilgi, beceri ve karar kalitesini art\u0131rmay\u0131, sekt\u00f6re bilimsel, deneyimsel ve veri temelli bilgi \u00fcretip kazand\u0131rmay\u0131 ama\u00e7layan bir yap\u0131d\u0131r. Dernek sat\u0131c\u0131, al\u0131c\u0131 ve kirac\u0131 ba\u015fta olmak \u00fczere t\u00fcm piyasa payda\u015flar\u0131 i\u00e7in pazarlama, sat\u0131\u015f [&hellip;]<\/p>\n","protected":false},"author":1,"featured_media":0,"parent":0,"menu_order":0,"comment_status":"closed","ping_status":"closed","template":"elementor_header_footer","meta":{"footnotes":""},"class_list":["post-219","page","type-page","status-publish","hentry"],"_links":{"self":[{"href":"https:\/\/www.gapas.org.tr\/index.php\/wp-json\/wp\/v2\/pages\/219","targetHints":{"allow":["GET"]}}],"collection":[{"href":"https:\/\/www.gapas.org.tr\/index.php\/wp-json\/wp\/v2\/pages"}],"about":[{"href":"https:\/\/www.gapas.org.tr\/index.php\/wp-json\/wp\/v2\/types\/page"}],"author":[{"embeddable":true,"href":"https:\/\/www.gapas.org.tr\/index.php\/wp-json\/wp\/v2\/users\/1"}],"replies":[{"embeddable":true,"href":"https:\/\/www.gapas.org.tr\/index.php\/wp-json\/wp\/v2\/comments?post=219"}],"version-history":[{"count":17,"href":"https:\/\/www.gapas.org.tr\/index.php\/wp-json\/wp\/v2\/pages\/219\/revisions"}],"predecessor-version":[{"id":3252,"href":"https:\/\/www.gapas.org.tr\/index.php\/wp-json\/wp\/v2\/pages\/219\/revisions\/3252"}],"wp:attachment":[{"href":"https:\/\/www.gapas.org.tr\/index.php\/wp-json\/wp\/v2\/media?parent=219"}],"curies":[{"name":"wp","href":"https:\/\/api.w.org\/{rel}","templated":true}]}}