{"id":220,"date":"2020-04-13T11:18:50","date_gmt":"2020-04-13T11:18:50","guid":{"rendered":"http:\/\/www.gapas.org.tr\/index.php\/services\/"},"modified":"2023-09-06T06:52:19","modified_gmt":"2023-09-06T06:52:19","slug":"hizmetlerimiz","status":"publish","type":"page","link":"https:\/\/www.gapas.org.tr\/index.php\/hizmetlerimiz\/","title":{"rendered":"Hizmetlerimiz"},"content":{"rendered":"\t\t<div data-elementor-type=\"wp-page\" data-elementor-id=\"220\" class=\"elementor elementor-220\">\n\t\t\t\t\t\t\t\t\t<section class=\"elementor-section elementor-top-section elementor-element elementor-element-1b8825c elementor-section-stretched elementor-section-boxed elementor-section-height-default elementor-section-height-default\" data-id=\"1b8825c\" data-element_type=\"section\" data-settings=\"{&quot;stretch_section&quot;:&quot;section-stretched&quot;}\">\n\t\t\t\t\t\t<div class=\"elementor-container elementor-column-gap-default\">\n\t\t\t\t\t<div class=\"elementor-column elementor-col-100 elementor-top-column elementor-element elementor-element-c86d92f\" data-id=\"c86d92f\" data-element_type=\"column\">\n\t\t\t<div class=\"elementor-widget-wrap elementor-element-populated\">\n\t\t\t\t\t\t\t\t<div class=\"elementor-element elementor-element-bcd0bcd elementor-widget elementor-widget-text-editor\" data-id=\"bcd0bcd\" data-element_type=\"widget\" data-widget_type=\"text-editor.default\">\n\t\t\t\t<div class=\"elementor-widget-container\">\n\t\t\t\t\t\t\t<p><b>GAPAS \u00dcyelerine Verilen H<\/b><strong>izmetler<br \/><\/strong><br \/>Dan\u0131\u015fmanl\u0131k Hizmetleri:<br \/>Asil \u00fcyelerimizin sekt\u00f6re ili\u015fkin konularda merak ettikleri, \u00f6\u011frenmek istedikleri mevzuat, sekt\u00f6rel bilgi ve sair konularda bilgilendirme yap\u0131lmaktad\u0131r.<\/p><p>Hukuki Dan\u0131\u015fmanl\u0131k Hizmetleri:<br \/>Asil \u00fcyelerimizin, \u00e7al\u0131\u015ft\u0131klar\u0131 \u015firketler, m\u00fc\u015fterileri ya da sair 3. taraflarla ilgili ya\u015fayabilecekleri hukuki durumlar \u00f6zelinde genel bilgilendirme hizmeti verilmektedir.<\/p><p>\u0130nsan Kaynaklar\u0131 Deste\u011fi:<br \/>Derne\u011fimize ula\u015fan eleman al\u0131m\u0131, ortakl\u0131k vb. talepler asil \u00fcyelere bildirilmektedir. GAPAS ile anla\u015fmal\u0131 kurulu\u015flar\u0131n ve e\u011fitimcilerin, GAPAS dan\u0131\u015fman \u00fcyelerinin verdi\u011fi \u00f6zel e\u011fitimlere, asil \u00fcyeler kat\u0131labilmektedir.<\/p><p>Gayrimenkul Ticareti Hizmetleri:<br \/>Derne\u011fimize ula\u015fan al\u0131m-sat\u0131m, kiralama, yat\u0131r\u0131m talepleri asil \u00fcyelerle payla\u015f\u0131lmaktad\u0131r.<\/p><p>\u00a0<\/p><p>\u00a0<\/p><p><b>GAPAS \u00dcyeli\u011fiyle Neler Kazanacaks\u0131n\u0131z?<\/b><\/p><p>GAPAS &#8211; Gayrimenkul Pazarlama ve Sat\u0131\u015f Profesyonelleri Derne\u011fi, T\u00fcrkiye&#8217;deki gayrimenkul sekt\u00f6r\u00fcnde faaliyet g\u00f6steren bir sivil toplum kurulu\u015fudur. Dernek, gayrimenkul sekt\u00f6r\u00fcnde &#8216;pazarlama&#8217;, &#8216;sat\u0131\u015f&#8217; ve &#8216;halkla ili\u015fkiler&#8217; odakl\u0131 \u00e7al\u0131\u015fan \u015firketlerin ve profesyonellerin bir araya gelerek bilgi payla\u015f\u0131m\u0131 yapmalar\u0131n\u0131, sekt\u00f6r\u00fcn geli\u015fimine katk\u0131da bulunmalar\u0131n\u0131 ve sekt\u00f6r\u00fcn daha iyi bir gelece\u011fe do\u011fru ilerlemesine yard\u0131mc\u0131 olmalar\u0131n\u0131 ama\u00e7lamaktad\u0131r.<\/p><p>Derne\u011fin \u00fcyeleri aras\u0131nda emlak m\u00fc\u015favirleri, gayrimenkul geli\u015ftiricileri, sat\u0131\u015f ofisi \u00e7al\u0131\u015fan ve y\u00f6neticileri, mimarlar &amp; m\u00fchendisler, avukatlar ve bankac\u0131lar gibi sekt\u00f6r\u00fcn farkl\u0131 alanlar\u0131ndan profesyoneller yer almaktad\u0131r. Bu sayede, GAPAS sekt\u00f6rdeki farkl\u0131 bak\u0131\u015f a\u00e7\u0131lar\u0131na sahip profesyonelleri bir araya getirerek sekt\u00f6rdeki yenilikleri h\u0131zland\u0131rmay\u0131 ve sekt\u00f6re de\u011fer katmay\u0131 hedeflemektedir.<\/p><p>GAPAS&#8217;\u0131n \u00fcyelerine sa\u011flad\u0131\u011f\u0131 hizmetler aras\u0131nda e\u011fitim programlar\u0131, seminerler, konferanslar ve ba\u011f olu\u015fturma (networking) etkinlikleri yer almaktad\u0131r. Bu etkinlikler, \u00fcyeler i\u00e7in e\u011fitim ve bilgi payla\u015f\u0131m\u0131 sa\u011flamakta ve sekt\u00f6rdeki profesyonellerin birbirleriyle tan\u0131\u015fmalar\u0131na ve i\u015fbirli\u011fi yapmalar\u0131na olanak tan\u0131maktad\u0131r.<\/p><p>Dernek ayr\u0131ca, sekt\u00f6rdeki geli\u015fmeleri takip ederek sekt\u00f6r\u00fcn gelece\u011fi hakk\u0131nda raporlar haz\u0131rlamakta, sekt\u00f6r\u00fcn geli\u015fimini sa\u011flayacak \u00f6neriler getirmektedir. Bu raporlar ve \u00f6neriler, sekt\u00f6rdeki \u015firketlerin ve profesyonellerin gelecekteki trendleri anlamalar\u0131na ve i\u015flerini buna g\u00f6re planlamalar\u0131na yard\u0131mc\u0131 olmaktad\u0131r.<\/p><p>GAPAS, sekt\u00f6r\u00fcn uluslararas\u0131 \u00f6l\u00e7ekte de geli\u015fimine katk\u0131 sa\u011flamay\u0131 hedeflemektedir. Bu ama\u00e7la GAPAS, \u00fclkemizden Avrupa Gayrimenkul Meslek Birli\u011fi &#8211; CEPI\u2019ye (European Association of Real Estate Professions) \u00fcye olmu\u015f ilk ve tek sivil toplum kurulu\u015fudur. CEPI, kar amac\u0131 g\u00fctmeyen uluslararas\u0131 bir kurulu\u015f olarak 1990 y\u0131l\u0131nda Br\u00fcksel&#8217;de kurulmu\u015ftur. \u00dcyeleri, \u00fclkelerinde emlak m\u00fc\u015favirlerini ve m\u00fclk y\u00f6neticilerini biraraya getiren ulusal derneklerdir. Avrupa Birli\u011fi mevzuat\u0131 i\u00e7inde gayrimenkul sekt\u00f6r\u00fcn\u00fc temsil etmek misyonunu \u00fcstlenen CEPI, t\u00fcketici \u00e7\u0131karlar\u0131n\u0131 g\u00f6z \u00f6n\u00fcnde bulundurarak gayrimenkul profesyonellerinin \u00e7al\u0131\u015fmalar\u0131n\u0131 ve faaliyetlerini geli\u015ftirerek Avrupa gayrimenkul meslek mevzuat\u0131n\u0131n geli\u015fmesine destek vermektedir. CEPI, emlak m\u00fc\u015favirli\u011finin ve m\u00fclk y\u00f6netiminin y\u00fcksek etik standartlara sahip nitelikli profesyoneller taraf\u0131ndan y\u00fcr\u00fct\u00fclmesi i\u00e7in meslek standartlar\u0131n\u0131 y\u00fckseltmeyi ama\u00e7lamaktad\u0131r. Bu ama\u00e7la CEPI, Avrupa Birli\u011fi b\u00fcnyesinde gayrimenkul ticareti kurallar\u0131n\u0131 d\u00fczenlemek, emlak piyasas\u0131n\u0131 ve gayrimenkul profesyonellerinin faaliyetlerini d\u00fczenlemek ve geli\u015ftirmek \u00f6zelinde, gayrimenkul odakl\u0131 meslek birliklerinin g\u00f6r\u00fc\u015flerini politika yap\u0131c\u0131lar\u0131n dikkatine sunmak i\u00e7in g\u00fc\u00e7 birli\u011fi olu\u015fturarak lobi faaliyeti y\u00fcr\u00fctmektedir. CEPI ayr\u0131ca bilgi, bak\u0131\u015f a\u00e7\u0131s\u0131, deneyim ve uzmanl\u0131k al\u0131\u015fveri\u015fi i\u00e7in di\u011fer Avrupa ve uluslararas\u0131 derneklerle s\u0131n\u0131rl\u0131 say\u0131da ortakl\u0131\u011fa sahiptir.<\/p><p><a href=\"http:\/\/www.cepi.eu\"><img fetchpriority=\"high\" decoding=\"async\" class=\"alignnone wp-image-1739\" src=\"http:\/\/www.gapas.org.tr\/wp-content\/uploads\/2023\/09\/CEPI-GAPAS_Isbirligi.jpg\" alt=\"\" width=\"230\" height=\"230\" srcset=\"https:\/\/www.gapas.org.tr\/wp-content\/uploads\/2023\/09\/CEPI-GAPAS_Isbirligi.jpg 1200w, https:\/\/www.gapas.org.tr\/wp-content\/uploads\/2023\/09\/CEPI-GAPAS_Isbirligi-300x300.jpg 300w, https:\/\/www.gapas.org.tr\/wp-content\/uploads\/2023\/09\/CEPI-GAPAS_Isbirligi-1024x1024.jpg 1024w, https:\/\/www.gapas.org.tr\/wp-content\/uploads\/2023\/09\/CEPI-GAPAS_Isbirligi-150x150.jpg 150w, https:\/\/www.gapas.org.tr\/wp-content\/uploads\/2023\/09\/CEPI-GAPAS_Isbirligi-768x768.jpg 768w\" sizes=\"(max-width: 230px) 100vw, 230px\" \/><\/a><\/p><p>GAPAS, ger\u00e7ekle\u015ftirdi\u011fi CEPI \u00fcyeli\u011fiyle \u00fclkemiz emlak ve gayrimenkul sekt\u00f6r\u00fcn\u00fc, bu sekt\u00f6rde faaliyet g\u00f6steren \u015firketleri ve profesyonelleri, Avrupa Birli\u011fi \u00fclkelerindeki muadil \u015firketler ve meslekta\u015flarla i\u015fbirli\u011fi yapmalar\u0131na y\u00f6nelik \u00e7al\u0131\u015fmalar i\u00e7in \u00f6nemli bir zemin yaratm\u0131\u015ft\u0131r. \u00dclkemizde eksikli\u011fi hissedilen Avrupal\u0131 gayrimenkul yat\u0131r\u0131mc\u0131lar\u0131 ve al\u0131c\u0131lar\u0131n\u0131n ilk elden, do\u011fru bir \u015fekilde \u00fclkemizdeki gayrimenkul f\u0131rsatlar\u0131 alan\u0131nda bilgilendirilmeleri ve olas\u0131 atacaklar\u0131 yat\u0131r\u0131m &amp; al\u0131m ad\u0131mlar\u0131n\u0131n h\u0131zland\u0131r\u0131lmas\u0131 i\u00e7in GAPAS \u00e7al\u0131\u015fmalar planlamaktad\u0131r. \u015e\u00fcphesiz bu \u00e7al\u0131\u015fmalar\u0131n en \u00e7ok faydas\u0131n\u0131 GAPAS \u00fcyeleri g\u00f6receklerdir.<\/p>\t\t\t\t\t\t<\/div>\n\t\t\t\t<\/div>\n\t\t\t\t\t<\/div>\n\t\t<\/div>\n\t\t\t\t\t\t\t<\/div>\n\t\t<\/section>\n\t\t\t\t<section class=\"elementor-section elementor-top-section elementor-element elementor-element-3cf7c0c elementor-section-boxed elementor-section-height-default elementor-section-height-default\" data-id=\"3cf7c0c\" data-element_type=\"section\">\n\t\t\t\t\t\t<div class=\"elementor-container elementor-column-gap-default\">\n\t\t\t\t\t<div class=\"elementor-column elementor-col-100 elementor-top-column elementor-element elementor-element-596178d\" data-id=\"596178d\" data-element_type=\"column\">\n\t\t\t<div class=\"elementor-widget-wrap elementor-element-populated\">\n\t\t\t\t\t\t\t\t<div class=\"elementor-element elementor-element-6c10c8f elementor-mobile-align-center elementor-tablet-align-center elementor-align-center elementor-widget elementor-widget-button\" data-id=\"6c10c8f\" data-element_type=\"widget\" data-widget_type=\"button.default\">\n\t\t\t\t<div class=\"elementor-widget-container\">\n\t\t\t\t\t<div class=\"elementor-button-wrapper\">\n\t\t\t<a class=\"elementor-button elementor-button-link elementor-size-sm\" href=\"http:\/\/www.gapas.org.tr\/index.php\/register\/\">\n\t\t\t\t\t\t<span class=\"elementor-button-content-wrapper\">\n\t\t\t\t\t\t<span class=\"elementor-button-text\">ARAMIZA KATILIN<\/span>\n\t\t<\/span>\n\t\t\t\t\t<\/a>\n\t\t<\/div>\n\t\t\t\t<\/div>\n\t\t\t\t<\/div>\n\t\t\t\t\t<\/div>\n\t\t<\/div>\n\t\t\t\t\t\t\t<\/div>\n\t\t<\/section>\n\t\t\t\t\t\t\t<\/div>\n\t\t","protected":false},"excerpt":{"rendered":"<p>GAPAS \u00dcyelerine Verilen HizmetlerDan\u0131\u015fmanl\u0131k Hizmetleri:Asil \u00fcyelerimizin sekt\u00f6re ili\u015fkin konularda merak ettikleri, \u00f6\u011frenmek istedikleri mevzuat, sekt\u00f6rel bilgi ve sair konularda bilgilendirme yap\u0131lmaktad\u0131r. Hukuki Dan\u0131\u015fmanl\u0131k Hizmetleri:Asil \u00fcyelerimizin, \u00e7al\u0131\u015ft\u0131klar\u0131 \u015firketler, m\u00fc\u015fterileri ya da sair 3. taraflarla ilgili ya\u015fayabilecekleri hukuki durumlar \u00f6zelinde genel bilgilendirme hizmeti verilmektedir. \u0130nsan Kaynaklar\u0131 Deste\u011fi:Derne\u011fimize ula\u015fan eleman al\u0131m\u0131, ortakl\u0131k vb. talepler asil \u00fcyelere bildirilmektedir. GAPAS [&hellip;]<\/p>\n","protected":false},"author":1,"featured_media":0,"parent":0,"menu_order":0,"comment_status":"closed","ping_status":"closed","template":"elementor_header_footer","meta":{"footnotes":""},"class_list":["post-220","page","type-page","status-publish","hentry"],"_links":{"self":[{"href":"https:\/\/www.gapas.org.tr\/index.php\/wp-json\/wp\/v2\/pages\/220","targetHints":{"allow":["GET"]}}],"collection":[{"href":"https:\/\/www.gapas.org.tr\/index.php\/wp-json\/wp\/v2\/pages"}],"about":[{"href":"https:\/\/www.gapas.org.tr\/index.php\/wp-json\/wp\/v2\/types\/page"}],"author":[{"embeddable":true,"href":"https:\/\/www.gapas.org.tr\/index.php\/wp-json\/wp\/v2\/users\/1"}],"replies":[{"embeddable":true,"href":"https:\/\/www.gapas.org.tr\/index.php\/wp-json\/wp\/v2\/comments?post=220"}],"version-history":[{"count":20,"href":"https:\/\/www.gapas.org.tr\/index.php\/wp-json\/wp\/v2\/pages\/220\/revisions"}],"predecessor-version":[{"id":1742,"href":"https:\/\/www.gapas.org.tr\/index.php\/wp-json\/wp\/v2\/pages\/220\/revisions\/1742"}],"wp:attachment":[{"href":"https:\/\/www.gapas.org.tr\/index.php\/wp-json\/wp\/v2\/media?parent=220"}],"curies":[{"name":"wp","href":"https:\/\/api.w.org\/{rel}","templated":true}]}}