{"id":346,"date":"2020-05-26T23:23:10","date_gmt":"2020-05-26T23:23:10","guid":{"rendered":"http:\/\/www.gapas.org.tr\/?page_id=346"},"modified":"2024-06-08T13:07:05","modified_gmt":"2024-06-08T13:07:05","slug":"dernegimizden-haberler","status":"publish","type":"page","link":"https:\/\/www.gapas.org.tr\/index.php\/dernegimizden-haberler\/","title":{"rendered":"Derne\u011fimizden Haberler"},"content":{"rendered":"\t\t<div data-elementor-type=\"wp-page\" data-elementor-id=\"346\" class=\"elementor elementor-346\">\n\t\t\t\t\t\t\t\t\t<section class=\"elementor-section elementor-top-section elementor-element elementor-element-00370bc elementor-section-full_width elementor-section-height-default elementor-section-height-default\" data-id=\"00370bc\" data-element_type=\"section\">\n\t\t\t\t\t\t<div class=\"elementor-container elementor-column-gap-default\">\n\t\t\t\t\t<div class=\"elementor-column elementor-col-100 elementor-top-column elementor-element elementor-element-b5bbb80\" data-id=\"b5bbb80\" data-element_type=\"column\">\n\t\t\t<div class=\"elementor-widget-wrap elementor-element-populated\">\n\t\t\t\t\t\t\t\t<div class=\"elementor-element elementor-element-710f339 premium-blog-align-left elementor-widget elementor-widget-premium-addon-blog\" data-id=\"710f339\" data-element_type=\"widget\" data-settings=\"{&quot;premium_blog_grid&quot;:&quot;yes&quot;,&quot;premium_blog_layout&quot;:&quot;even&quot;,&quot;premium_blog_columns_number&quot;:&quot;50%&quot;,&quot;premium_blog_columns_number_tablet&quot;:&quot;50%&quot;,&quot;premium_blog_columns_number_mobile&quot;:&quot;100%&quot;,&quot;scroll_to_offset&quot;:&quot;yes&quot;}\" data-widget_type=\"premium-addon-blog.default\">\n\t\t\t\t<div class=\"elementor-widget-container\">\n\t\t\t\r\n\t\t\t\t<div class=\"premium-blog-wrap  premium-blog-even\" data-page=\"346\" data-pagination=\"true\">\r\n\t\t\t\t\t<div class=\"premium-blog-post-outer-container\" data-total=\"5\">\r\n\t\t\t<div class=\"premium-blog-post-container premium-blog-skin-classic\">\r\n\t\t\t\t\t\t\t\t\t\t\t\t<div class=\"premium-blog-content-wrapper empty-thumb\">\r\n\r\n\t\t\t\t\t<div class=\"premium-blog-inner-container\">\r\n\r\n\t\t\t\t\t\t\t\t\t\t\t\t\t\t<h2 class=\"premium-blog-entry-title\">\r\n\t\t\t<a href=\"https:\/\/www.gapas.org.tr\/index.php\/2025\/10\/24\/gapas-olagan-genel-kurulu-gerceklesti\/\" target=\"_blank\">\r\n\t\t\t\tGAPAS, 2. OLA\u011eAN GENEL KURULU GER\u00c7EKLE\u015eT\u0130\t\t\t<\/a>\r\n\t\t<\/h2>\r\n\t\t\t\t<div class=\"premium-blog-entry-meta\">\r\n\t\t\t\r\n\t\t\t\r\n\t\t\t\t\t\t\t<span class=\"premium-blog-meta-separator\">\u2022<\/span>\r\n\t\t\t\t<div class=\"premium-blog-post-categories premium-blog-meta-data\">\r\n\t\t\t\t\t<i class=\"fa fa-align-left fa-fw\" aria-hidden=\"true\"><\/i>\r\n\t\t\t\t\t<a href=\"https:\/\/www.gapas.org.tr\/index.php\/category\/dernegimizden-haberler\/\" rel=\"category tag\">Derne\u011fimizden Haberler<\/a>\t\t\t\t<\/div>\r\n\t\t\t\r\n\t\t\t\t\t<\/div>\r\n\t\t\r\n\t\t\t\t\t<\/div>\r\n\r\n\t\t\t\t\t\t\t<div class=\"premium-blog-content-inner-wrapper\">\r\n\t\t<p class=\"premium-blog-post-content\">GAPAS&#8217;\u0131n 2. ola\u011fan genel kurul toplant\u0131s\u0131 23 Ekim 2025 g\u00fcn\u00fc dernek merkezinde ger\u00e7ekle\u015fti. Genel kurulda biraraya gelen \u00fcyeler, hem ge\u00e7mi\u015f d\u00f6nem \u00e7al\u0131\u015fmalar\u0131n\u0131 \u2026<\/p>\t\t<\/div>\r\n\t\t\t\t\t\t\t\r\n\t\t\t\t<\/div>\r\n\t\t\t<\/div>\r\n\t\t<\/div>\r\n\r\n\t\t\t\t<div class=\"premium-blog-post-outer-container\" data-total=\"5\">\r\n\t\t\t<div class=\"premium-blog-post-container premium-blog-skin-classic\">\r\n\t\t\t\t\t\t\t\t\t\t\t\t<div class=\"premium-blog-content-wrapper empty-thumb\">\r\n\r\n\t\t\t\t\t<div class=\"premium-blog-inner-container\">\r\n\r\n\t\t\t\t\t\t\t\t\t\t\t\t\t\t<h2 class=\"premium-blog-entry-title\">\r\n\t\t\t<a href=\"https:\/\/www.gapas.org.tr\/index.php\/2025\/06\/17\/gapas-ito-21-no-li-gayrimenkul-hizmetleri-komitesi-calistayina-katildi\/\" target=\"_blank\">\r\n\t\t\t\tGAPAS, \u0130TO 21 NO.LI GAYR\u0130MENKUL H\u0130ZMETLER\u0130 KOM\u0130TES\u0130 \u00c7ALI\u015eTAYINA KATILDI\t\t\t<\/a>\r\n\t\t<\/h2>\r\n\t\t\t\t<div class=\"premium-blog-entry-meta\">\r\n\t\t\t\r\n\t\t\t\r\n\t\t\t\t\t\t\t<span class=\"premium-blog-meta-separator\">\u2022<\/span>\r\n\t\t\t\t<div class=\"premium-blog-post-categories premium-blog-meta-data\">\r\n\t\t\t\t\t<i class=\"fa fa-align-left fa-fw\" aria-hidden=\"true\"><\/i>\r\n\t\t\t\t\t<a href=\"https:\/\/www.gapas.org.tr\/index.php\/category\/dernegimizden-haberler\/\" rel=\"category tag\">Derne\u011fimizden Haberler<\/a>\t\t\t\t<\/div>\r\n\t\t\t\r\n\t\t\t\t\t<\/div>\r\n\t\t\r\n\t\t\t\t\t<\/div>\r\n\r\n\t\t\t\t\t\t\t<div class=\"premium-blog-content-inner-wrapper\">\r\n\t\t<p class=\"premium-blog-post-content\">17 Haziran 2025 g\u00fcn\u00fc \u0130stanbul Ticaret Odas\u0131 21. No.l\u0131 Gayrimenkul Hizmetleri Meslek Komitesi taraf\u0131ndan d\u00fczenlenen, sekt\u00f6rel sorunlar\u0131n ve \u00e7\u00f6z\u00fcm \u00f6nerilerinin g\u00f6r\u00fc\u015f\u00fcld\u00fc\u011f\u00fc \u00e7al\u0131\u015fma \u2026<\/p>\t\t<\/div>\r\n\t\t\t\t\t\t\t\r\n\t\t\t\t<\/div>\r\n\t\t\t<\/div>\r\n\t\t<\/div>\r\n\r\n\t\t\t\t<div class=\"premium-blog-post-outer-container\" data-total=\"5\">\r\n\t\t\t<div class=\"premium-blog-post-container premium-blog-skin-classic\">\r\n\t\t\t\t\t\t\t\t\t\t\t\t<div class=\"premium-blog-content-wrapper empty-thumb\">\r\n\r\n\t\t\t\t\t<div class=\"premium-blog-inner-container\">\r\n\r\n\t\t\t\t\t\t\t\t\t\t\t\t\t\t<h2 class=\"premium-blog-entry-title\">\r\n\t\t\t<a href=\"https:\/\/www.gapas.org.tr\/index.php\/2025\/06\/13\/gapas-cepi-genel-kuruludnda-temsil-edildi\/\" target=\"_blank\">\r\n\t\t\t\tGAPAS, CEPI Genel Kurulu&#8217;nda Temsil Edildi\t\t\t<\/a>\r\n\t\t<\/h2>\r\n\t\t\t\t<div class=\"premium-blog-entry-meta\">\r\n\t\t\t\r\n\t\t\t\r\n\t\t\t\t\t\t\t<span class=\"premium-blog-meta-separator\">\u2022<\/span>\r\n\t\t\t\t<div class=\"premium-blog-post-categories premium-blog-meta-data\">\r\n\t\t\t\t\t<i class=\"fa fa-align-left fa-fw\" aria-hidden=\"true\"><\/i>\r\n\t\t\t\t\t<a href=\"https:\/\/www.gapas.org.tr\/index.php\/category\/dernegimizden-haberler\/\" rel=\"category tag\">Derne\u011fimizden Haberler<\/a>\t\t\t\t<\/div>\r\n\t\t\t\r\n\t\t\t\t\t<\/div>\r\n\t\t\r\n\t\t\t\t\t<\/div>\r\n\r\n\t\t\t\t\t\t\t<div class=\"premium-blog-content-inner-wrapper\">\r\n\t\t<p class=\"premium-blog-post-content\">12-13 Haziran 2025 g\u00fcnlerinde Amsterdam&#8217;da d\u00fczenlenen, GAPAS\u00a0olarak \u00fcyesi oldu\u011fumuz European Association of Real Estate Professions (CEPI aisbl) (Avrupa Gayrimenkul Meslekleri Birli\u011fi) genel \u2026<\/p>\t\t<\/div>\r\n\t\t\t\t\t\t\t\r\n\t\t\t\t<\/div>\r\n\t\t\t<\/div>\r\n\t\t<\/div>\r\n\r\n\t\t\t\t<div class=\"premium-blog-post-outer-container\" data-total=\"5\">\r\n\t\t\t<div class=\"premium-blog-post-container premium-blog-skin-classic\">\r\n\t\t\t\t\t\t\t\t\t\t\t\t<div class=\"premium-blog-content-wrapper empty-thumb\">\r\n\r\n\t\t\t\t\t<div class=\"premium-blog-inner-container\">\r\n\r\n\t\t\t\t\t\t\t\t\t\t\t\t\t\t<h2 class=\"premium-blog-entry-title\">\r\n\t\t\t<a href=\"https:\/\/www.gapas.org.tr\/index.php\/2025\/05\/25\/gapas-5-yilini-kutladi\/\" target=\"_blank\">\r\n\t\t\t\tGAPAS 5. Kurulu\u015f Y\u0131ld\u00f6n\u00fcm\u00fcn\u00fc Kutlad\u0131\t\t\t<\/a>\r\n\t\t<\/h2>\r\n\t\t\t\t<div class=\"premium-blog-entry-meta\">\r\n\t\t\t\r\n\t\t\t\r\n\t\t\t\t\t\t\t<span class=\"premium-blog-meta-separator\">\u2022<\/span>\r\n\t\t\t\t<div class=\"premium-blog-post-categories premium-blog-meta-data\">\r\n\t\t\t\t\t<i class=\"fa fa-align-left fa-fw\" aria-hidden=\"true\"><\/i>\r\n\t\t\t\t\t<a href=\"https:\/\/www.gapas.org.tr\/index.php\/category\/dernegimizden-haberler\/\" rel=\"category tag\">Derne\u011fimizden Haberler<\/a>\t\t\t\t<\/div>\r\n\t\t\t\r\n\t\t\t\t\t<\/div>\r\n\t\t\r\n\t\t\t\t\t<\/div>\r\n\r\n\t\t\t\t\t\t\t<div class=\"premium-blog-content-inner-wrapper\">\r\n\t\t<p class=\"premium-blog-post-content\">Gayrimenkul Pazarlama ve Sat\u0131\u015f Profesyonelleri Derne\u011fi (GAPAS), \u00fcyelerinin kat\u0131l\u0131m\u0131yla 5. kurulu\u015f y\u0131ld\u00f6n\u00fcm\u00fcn\u00fc kutlad\u0131. GAPAS&#8217;\u0131n kurulu\u015fu i\u00e7in \u0130stanbul \u0130l Sivil Toplumla \u0130li\u015fkiler M\u00fcd\u00fcrl\u00fc\u011f\u00fc&#8217;ne \u2026<\/p>\t\t<\/div>\r\n\t\t\t\t\t\t\t\r\n\t\t\t\t<\/div>\r\n\t\t\t<\/div>\r\n\t\t<\/div>\r\n\r\n\t\t\t\t<div class=\"premium-blog-post-outer-container\" data-total=\"5\">\r\n\t\t\t<div class=\"premium-blog-post-container premium-blog-skin-classic\">\r\n\t\t\t\t\t\t\t\t\t\t\t\t<div class=\"premium-blog-content-wrapper empty-thumb\">\r\n\r\n\t\t\t\t\t<div class=\"premium-blog-inner-container\">\r\n\r\n\t\t\t\t\t\t\t\t\t\t\t\t\t\t<h2 class=\"premium-blog-entry-title\">\r\n\t\t\t<a href=\"https:\/\/www.gapas.org.tr\/index.php\/2025\/05\/02\/gapastan-gapas-petek-whatsapp-is-platformu-girisimi\/\" target=\"_blank\">\r\n\t\t\t\tGAPAS&#8217;tan &#8220;GAPAS Petek Whatsapp \u0130\u015f Platformu&#8221; Giri\u015fimi\t\t\t<\/a>\r\n\t\t<\/h2>\r\n\t\t\t\t<div class=\"premium-blog-entry-meta\">\r\n\t\t\t\r\n\t\t\t\r\n\t\t\t\t\t\t\t<span class=\"premium-blog-meta-separator\">\u2022<\/span>\r\n\t\t\t\t<div class=\"premium-blog-post-categories premium-blog-meta-data\">\r\n\t\t\t\t\t<i class=\"fa fa-align-left fa-fw\" aria-hidden=\"true\"><\/i>\r\n\t\t\t\t\t<a href=\"https:\/\/www.gapas.org.tr\/index.php\/category\/dernegimizden-haberler\/\" rel=\"category tag\">Derne\u011fimizden Haberler<\/a>\t\t\t\t<\/div>\r\n\t\t\t\r\n\t\t\t\t\t<\/div>\r\n\t\t\r\n\t\t\t\t\t<\/div>\r\n\r\n\t\t\t\t\t\t\t<div class=\"premium-blog-content-inner-wrapper\">\r\n\t\t<p class=\"premium-blog-post-content\">Gayrimenkul Pazarlama ve Sat\u0131\u015f Profesyonelleri Derne\u011fi (GAPAS), gayrimenkul ticaretine h\u0131z katacak yeni bir giri\u015fim ba\u015flatt\u0131. Hem GAPAS \u00fcyelerinin hem de hen\u00fcz \u00fcye \u2026<\/p>\t\t<\/div>\r\n\t\t\t\t\t\t\t\r\n\t\t\t\t<\/div>\r\n\t\t\t<\/div>\r\n\t\t<\/div>\r\n\r\n\t\t\t\t<div class=\"premium-blog-post-outer-container\" data-total=\"5\">\r\n\t\t\t<div class=\"premium-blog-post-container premium-blog-skin-classic\">\r\n\t\t\t\t\t\t\t\t\t\t\t\t<div class=\"premium-blog-content-wrapper empty-thumb\">\r\n\r\n\t\t\t\t\t<div class=\"premium-blog-inner-container\">\r\n\r\n\t\t\t\t\t\t\t\t\t\t\t\t\t\t<h2 class=\"premium-blog-entry-title\">\r\n\t\t\t<a href=\"https:\/\/www.gapas.org.tr\/index.php\/2025\/04\/22\/gapas-yon-krl-uyesi-mehmet-sungura-yilin-stk-temsilcisi-odulu\/\" target=\"_blank\">\r\n\t\t\t\tGAPAS Y\u00f6n. Krl. \u00dcyesi Mehmet Sungur&#8217;a Y\u0131l\u0131n STK Temsilcisi \u00d6d\u00fcl\u00fc\t\t\t<\/a>\r\n\t\t<\/h2>\r\n\t\t\t\t<div class=\"premium-blog-entry-meta\">\r\n\t\t\t\r\n\t\t\t\r\n\t\t\t\t\t\t\t<span class=\"premium-blog-meta-separator\">\u2022<\/span>\r\n\t\t\t\t<div class=\"premium-blog-post-categories premium-blog-meta-data\">\r\n\t\t\t\t\t<i class=\"fa fa-align-left fa-fw\" aria-hidden=\"true\"><\/i>\r\n\t\t\t\t\t<a href=\"https:\/\/www.gapas.org.tr\/index.php\/category\/dernegimizden-haberler\/\" rel=\"category tag\">Derne\u011fimizden Haberler<\/a>\t\t\t\t<\/div>\r\n\t\t\t\r\n\t\t\t\t\t<\/div>\r\n\t\t\r\n\t\t\t\t\t<\/div>\r\n\r\n\t\t\t\t\t\t\t<div class=\"premium-blog-content-inner-wrapper\">\r\n\t\t<p class=\"premium-blog-post-content\">\u00a0 Gayrimenkul Pazarlama ve Sat\u0131\u015f Profesyonelleri Derne\u011fi y\u00f6netim kurulu \u00fcyesi, \u00c7erkezk\u00f6y merkezli Net Yat\u0131r\u0131m Gayrimenkul&#8217;\u00fcn kurucusu Mehmet Sungur&#8217;a Trakya Fla\u015f Haber Gazetesi \u2026<\/p>\t\t<\/div>\r\n\t\t\t\t\t\t\t\r\n\t\t\t\t<\/div>\r\n\t\t\t<\/div>\r\n\t\t<\/div>\r\n\r\n\t\t\t\t<\/div>\r\n\r\n\t\t\t\t<div class=\"premium-blog-footer\">\r\n\t\t\t\t\t\t<nav class=\"premium-blog-pagination-container\" role=\"navigation\" aria-label=\"Pagination\">\r\n\t\t\t\t<span aria-current=\"page\" class=\"page-numbers current\">1<\/span>\n<a class=\"page-numbers\" href=\"https:\/\/www.gapas.org.tr\/index.php\/wp-json\/wp\/v2\/pages\/346\/page\/2\/\">2<\/a>\n<a class=\"page-numbers\" href=\"https:\/\/www.gapas.org.tr\/index.php\/wp-json\/wp\/v2\/pages\/346\/page\/3\/\">3<\/a>\n<span class=\"page-numbers dots\">&hellip;<\/span>\n<a class=\"page-numbers\" href=\"https:\/\/www.gapas.org.tr\/index.php\/wp-json\/wp\/v2\/pages\/346\/page\/5\/\">5<\/a>\n<a class=\"next page-numbers\" href=\"https:\/\/www.gapas.org.tr\/index.php\/wp-json\/wp\/v2\/pages\/346\/page\/2\/\">Next \u00bb<\/a>\t\t\t<\/nav>\r\n\t\t\t\t\t<\/div>\r\n\t\t\t\t\t<\/div>\n\t\t\t\t<\/div>\n\t\t\t\t\t<\/div>\n\t\t<\/div>\n\t\t\t\t\t\t\t<\/div>\n\t\t<\/section>\n\t\t\t\t\t\t\t<\/div>\n\t\t","protected":false},"excerpt":{"rendered":"<p>GAPAS Trakya Bulu\u015fmas\u0131 Ger\u00e7ekle\u015fti \u2022 Derne\u011fimizden Haberler GAPAS Serbest K\u00fcrs\u00fc etkinli\u011fi bu defa &#8216;Trakya Bulu\u015fmas\u0131&#8217; vurgusuyla, GAPAS \u00fcyelerini ve dan\u0131\u015fma kurulu \u00fcyelerini \u00c7erkezk\u00f6y \/ Tekirda\u011f&#8217;da bulu\u015fturdu. 11.05.2024 g\u00fcn\u00fc ger\u00e7ekle\u015fen \u2026 GAPAS, Tiflis&#8217;te D\u00fczenlenen REW 2024 Etkinli\u011finde Yer Ald\u0131 \u2022 Derne\u011fimizden Haberler GAPAS y\u00f6netim kurulu ba\u015fkan\u0131 \u0130smail \u00d6zcan ve GAPAS \u00fcyesi Emin\u00f6n\u00fc Gayrimenkul-ReMax Bento \/ Nevzat [&hellip;]<\/p>\n","protected":false},"author":1,"featured_media":0,"parent":0,"menu_order":0,"comment_status":"closed","ping_status":"closed","template":"elementor_header_footer","meta":{"footnotes":""},"class_list":["post-346","page","type-page","status-publish","hentry"],"_links":{"self":[{"href":"https:\/\/www.gapas.org.tr\/index.php\/wp-json\/wp\/v2\/pages\/346","targetHints":{"allow":["GET"]}}],"collection":[{"href":"https:\/\/www.gapas.org.tr\/index.php\/wp-json\/wp\/v2\/pages"}],"about":[{"href":"https:\/\/www.gapas.org.tr\/index.php\/wp-json\/wp\/v2\/types\/page"}],"author":[{"embeddable":true,"href":"https:\/\/www.gapas.org.tr\/index.php\/wp-json\/wp\/v2\/users\/1"}],"replies":[{"embeddable":true,"href":"https:\/\/www.gapas.org.tr\/index.php\/wp-json\/wp\/v2\/comments?post=346"}],"version-history":[{"count":37,"href":"https:\/\/www.gapas.org.tr\/index.php\/wp-json\/wp\/v2\/pages\/346\/revisions"}],"predecessor-version":[{"id":2331,"href":"https:\/\/www.gapas.org.tr\/index.php\/wp-json\/wp\/v2\/pages\/346\/revisions\/2331"}],"wp:attachment":[{"href":"https:\/\/www.gapas.org.tr\/index.php\/wp-json\/wp\/v2\/media?parent=346"}],"curies":[{"name":"wp","href":"https:\/\/api.w.org\/{rel}","templated":true}]}}