{"id":349,"date":"2020-05-26T23:06:15","date_gmt":"2020-05-26T23:06:15","guid":{"rendered":"http:\/\/www.gapas.org.tr\/?page_id=349"},"modified":"2024-08-30T21:22:03","modified_gmt":"2024-08-30T21:22:03","slug":"basinda-biz","status":"publish","type":"page","link":"https:\/\/www.gapas.org.tr\/index.php\/basinda-biz\/","title":{"rendered":"Bas\u0131nda Biz"},"content":{"rendered":"\t\t<div data-elementor-type=\"wp-page\" data-elementor-id=\"349\" class=\"elementor elementor-349\">\n\t\t\t\t\t\t\t\t\t<section class=\"elementor-section elementor-top-section elementor-element elementor-element-336e270 elementor-section-full_width elementor-section-height-default elementor-section-height-default\" data-id=\"336e270\" data-element_type=\"section\">\n\t\t\t\t\t\t<div class=\"elementor-container elementor-column-gap-default\">\n\t\t\t\t\t<div class=\"elementor-column elementor-col-100 elementor-top-column elementor-element elementor-element-db55f88\" data-id=\"db55f88\" data-element_type=\"column\">\n\t\t\t<div class=\"elementor-widget-wrap elementor-element-populated\">\n\t\t\t\t\t\t\t\t<div class=\"elementor-element elementor-element-d3ecfe0 premium-blog-align-left elementor-widget elementor-widget-premium-addon-blog\" data-id=\"d3ecfe0\" data-element_type=\"widget\" data-settings=\"{&quot;premium_blog_grid&quot;:&quot;yes&quot;,&quot;premium_blog_layout&quot;:&quot;even&quot;,&quot;premium_blog_columns_number&quot;:&quot;50%&quot;,&quot;premium_blog_columns_number_tablet&quot;:&quot;50%&quot;,&quot;premium_blog_columns_number_mobile&quot;:&quot;100%&quot;,&quot;scroll_to_offset&quot;:&quot;yes&quot;}\" data-widget_type=\"premium-addon-blog.default\">\n\t\t\t\t<div class=\"elementor-widget-container\">\n\t\t\t\r\n\t\t\t\t<div class=\"premium-blog-wrap  premium-blog-even\" data-page=\"349\" data-pagination=\"true\">\r\n\t\t\t\t\t<div class=\"premium-blog-post-outer-container\" data-total=\"5\">\r\n\t\t\t<div class=\"premium-blog-post-container premium-blog-skin-classic\">\r\n\t\t\t\t\t\t\t\t\t\t\t\t<div class=\"premium-blog-content-wrapper empty-thumb\">\r\n\r\n\t\t\t\t\t<div class=\"premium-blog-inner-container\">\r\n\r\n\t\t\t\t\t\t\t\t\t\t\t\t\t\t<h2 class=\"premium-blog-entry-title\">\r\n\t\t\t<a href=\"https:\/\/www.gapas.org.tr\/index.php\/2025\/12\/24\/gapas-baskani-mustafa-kemal-sahin-2025-konut-piyasasini-emlak-projectde-degerlendirdi\/\" target=\"_blank\">\r\n\t\t\t\tGAPAS Ba\u015fkan\u0131 Mustafa Kemal \u015eahin 2025 Konut Piyasas\u0131n\u0131 Emlak Project&#8217;de De\u011ferlendirdi\t\t\t<\/a>\r\n\t\t<\/h2>\r\n\t\t\t\t<div class=\"premium-blog-entry-meta\">\r\n\t\t\t\r\n\t\t\t\r\n\t\t\t\t\t\t\t<span class=\"premium-blog-meta-separator\">\u2022<\/span>\r\n\t\t\t\t<div class=\"premium-blog-post-categories premium-blog-meta-data\">\r\n\t\t\t\t\t<i class=\"fa fa-align-left fa-fw\" aria-hidden=\"true\"><\/i>\r\n\t\t\t\t\t<a href=\"https:\/\/www.gapas.org.tr\/index.php\/category\/basinda-biz\/\" rel=\"category tag\">Bas\u0131nda Biz<\/a>\t\t\t\t<\/div>\r\n\t\t\t\r\n\t\t\t\t\t<\/div>\r\n\t\t\r\n\t\t\t\t\t<\/div>\r\n\r\n\t\t\t\t\t\t\t<div class=\"premium-blog-content-inner-wrapper\">\r\n\t\t<p class=\"premium-blog-post-content\">Gayrimenkul Pazarlama ve Sat\u0131\u015f Profesyonelleri Derne\u011fi (GAPAS) Ba\u015fkan\u0131 Mustafa Kemal \u015eAH\u0130N, 2025 konut piyasas\u0131n\u0131 Emlak Project&#8217;e de\u011ferlendirerek sat\u0131\u015flardaki art\u0131\u015f\u0131n her \u00fcr\u00fcne de\u011fil, \u2026<\/p>\t\t<\/div>\r\n\t\t\t\t\t\t\t\r\n\t\t\t\t<\/div>\r\n\t\t\t<\/div>\r\n\t\t<\/div>\r\n\r\n\t\t\t\t<div class=\"premium-blog-post-outer-container\" data-total=\"5\">\r\n\t\t\t<div class=\"premium-blog-post-container premium-blog-skin-classic\">\r\n\t\t\t\t\t\t\t\t\t\t\t\t<div class=\"premium-blog-content-wrapper empty-thumb\">\r\n\r\n\t\t\t\t\t<div class=\"premium-blog-inner-container\">\r\n\r\n\t\t\t\t\t\t\t\t\t\t\t\t\t\t<h2 class=\"premium-blog-entry-title\">\r\n\t\t\t<a href=\"https:\/\/www.gapas.org.tr\/index.php\/2025\/12\/15\/gapas-baskani-mustafa-kemal-sahin-maktu-harc-duzenlemesi-icin-onemli-degerlendirmelerde-bulundu\/\" target=\"_blank\">\r\n\t\t\t\tGAPAS Ba\u015fkan\u0131 Mustafa Kemal \u015eahin, Maktu Har\u00e7 D\u00fczenlemesi \u0130\u00e7in \u00d6nemli De\u011ferlendirmelerde Bulundu\t\t\t<\/a>\r\n\t\t<\/h2>\r\n\t\t\t\t<div class=\"premium-blog-entry-meta\">\r\n\t\t\t\r\n\t\t\t\r\n\t\t\t\t\t\t\t<span class=\"premium-blog-meta-separator\">\u2022<\/span>\r\n\t\t\t\t<div class=\"premium-blog-post-categories premium-blog-meta-data\">\r\n\t\t\t\t\t<i class=\"fa fa-align-left fa-fw\" aria-hidden=\"true\"><\/i>\r\n\t\t\t\t\t<a href=\"https:\/\/www.gapas.org.tr\/index.php\/category\/basinda-biz\/\" rel=\"category tag\">Bas\u0131nda Biz<\/a>\t\t\t\t<\/div>\r\n\t\t\t\r\n\t\t\t\t\t<\/div>\r\n\t\t\r\n\t\t\t\t\t<\/div>\r\n\r\n\t\t\t\t\t\t\t<div class=\"premium-blog-content-inner-wrapper\">\r\n\t\t<p class=\"premium-blog-post-content\">Gayrimenkul Pazarlama ve Sat\u0131\u015f Profesyonelleri Derne\u011fi (GAPAS) Ba\u015fkan\u0131 Mustafa Kemal \u015eAH\u0130N, emlak dan\u0131\u015fmanlar\u0131na getirilen maktu har\u00e7 d\u00fczenlemesine ili\u015fkin \u00f6nemli de\u011ferlendirmelerde bulundu. \u015eahin, \u2026<\/p>\t\t<\/div>\r\n\t\t\t\t\t\t\t\r\n\t\t\t\t<\/div>\r\n\t\t\t<\/div>\r\n\t\t<\/div>\r\n\r\n\t\t\t\t<div class=\"premium-blog-post-outer-container\" data-total=\"5\">\r\n\t\t\t<div class=\"premium-blog-post-container premium-blog-skin-classic\">\r\n\t\t\t\t\t\t\t\t\t\t\t\t<div class=\"premium-blog-content-wrapper empty-thumb\">\r\n\r\n\t\t\t\t\t<div class=\"premium-blog-inner-container\">\r\n\r\n\t\t\t\t\t\t\t\t\t\t\t\t\t\t<h2 class=\"premium-blog-entry-title\">\r\n\t\t\t<a href=\"https:\/\/www.gapas.org.tr\/index.php\/2025\/11\/13\/gapas-baskani-mustafa-kemal-sahin-konut-satis-sayilarini-aada-degerlendirdi\/\" target=\"_blank\">\r\n\t\t\t\tGAPAS Ba\u015fkan\u0131 Mustafa Kemal \u015eahin Konut Sat\u0131\u015f Say\u0131lar\u0131n\u0131 AA&#8217;da De\u011ferlendirdi\t\t\t<\/a>\r\n\t\t<\/h2>\r\n\t\t\t\t<div class=\"premium-blog-entry-meta\">\r\n\t\t\t\r\n\t\t\t\r\n\t\t\t\t\t\t\t<span class=\"premium-blog-meta-separator\">\u2022<\/span>\r\n\t\t\t\t<div class=\"premium-blog-post-categories premium-blog-meta-data\">\r\n\t\t\t\t\t<i class=\"fa fa-align-left fa-fw\" aria-hidden=\"true\"><\/i>\r\n\t\t\t\t\t<a href=\"https:\/\/www.gapas.org.tr\/index.php\/category\/basinda-biz\/\" rel=\"category tag\">Bas\u0131nda Biz<\/a>\t\t\t\t<\/div>\r\n\t\t\t\r\n\t\t\t\t\t<\/div>\r\n\t\t\r\n\t\t\t\t\t<\/div>\r\n\r\n\t\t\t\t\t\t\t<div class=\"premium-blog-content-inner-wrapper\">\r\n\t\t<p class=\"premium-blog-post-content\">Gayrimenkul Pazarlama ve Sat\u0131\u015f Profesyonelleri Derne\u011fi (GAPAS) Ba\u015fkan\u0131 Mustafa Kemal \u015eahin, T\u00dc\u0130K taraf\u0131ndan yay\u0131mlanan Ocak-Ekim aylar\u0131 aras\u0131ndaki konut sat\u0131\u015f adetleri hakk\u0131nda Anadolu \u2026<\/p>\t\t<\/div>\r\n\t\t\t\t\t\t\t\r\n\t\t\t\t<\/div>\r\n\t\t\t<\/div>\r\n\t\t<\/div>\r\n\r\n\t\t\t\t<div class=\"premium-blog-post-outer-container\" data-total=\"5\">\r\n\t\t\t<div class=\"premium-blog-post-container premium-blog-skin-classic\">\r\n\t\t\t\t\t\t\t\t\t\t\t\t<div class=\"premium-blog-content-wrapper empty-thumb\">\r\n\r\n\t\t\t\t\t<div class=\"premium-blog-inner-container\">\r\n\r\n\t\t\t\t\t\t\t\t\t\t\t\t\t\t<h2 class=\"premium-blog-entry-title\">\r\n\t\t\t<a href=\"https:\/\/www.gapas.org.tr\/index.php\/2025\/10\/28\/gapas-baskani-mustafa-kemal-sahin-yuzyilin-konut-projesini-aaya-degerlendirdi\/\" target=\"_blank\">\r\n\t\t\t\tGAPAS Ba\u015fkan\u0131 Mustafa Kemal \u015eahin Y\u00fczy\u0131l\u0131n Konut Projesi&#8217;ni AA&#8217;ya De\u011ferlendirdi\t\t\t<\/a>\r\n\t\t<\/h2>\r\n\t\t\t\t<div class=\"premium-blog-entry-meta\">\r\n\t\t\t\r\n\t\t\t\r\n\t\t\t\t\t\t\t<span class=\"premium-blog-meta-separator\">\u2022<\/span>\r\n\t\t\t\t<div class=\"premium-blog-post-categories premium-blog-meta-data\">\r\n\t\t\t\t\t<i class=\"fa fa-align-left fa-fw\" aria-hidden=\"true\"><\/i>\r\n\t\t\t\t\t<a href=\"https:\/\/www.gapas.org.tr\/index.php\/category\/basinda-biz\/\" rel=\"category tag\">Bas\u0131nda Biz<\/a>\t\t\t\t<\/div>\r\n\t\t\t\r\n\t\t\t\t\t<\/div>\r\n\t\t\r\n\t\t\t\t\t<\/div>\r\n\r\n\t\t\t\t\t\t\t<div class=\"premium-blog-content-inner-wrapper\">\r\n\t\t<p class=\"premium-blog-post-content\">Gayrimenkul Pazarlama ve Sat\u0131\u015f Profesyonelleri Derne\u011fi (GAPAS) Ba\u015fkan\u0131 Mustafa Kemal \u015eAH\u0130N, son a\u00e7\u0131klanan Y\u00fczy\u0131l\u0131n Konut Projesi&#8217;ni Anadolu Ajans\u0131&#8217;na de\u011ferlendirdi. &#8220;Hem sat\u0131l\u0131k hem \u2026<\/p>\t\t<\/div>\r\n\t\t\t\t\t\t\t\r\n\t\t\t\t<\/div>\r\n\t\t\t<\/div>\r\n\t\t<\/div>\r\n\r\n\t\t\t\t<div class=\"premium-blog-post-outer-container\" data-total=\"5\">\r\n\t\t\t<div class=\"premium-blog-post-container premium-blog-skin-classic\">\r\n\t\t\t\t\t\t\t\t\t\t\t\t<div class=\"premium-blog-content-wrapper empty-thumb\">\r\n\r\n\t\t\t\t\t<div class=\"premium-blog-inner-container\">\r\n\r\n\t\t\t\t\t\t\t\t\t\t\t\t\t\t<h2 class=\"premium-blog-entry-title\">\r\n\t\t\t<a href=\"https:\/\/www.gapas.org.tr\/index.php\/2025\/07\/25\/gapas-baskani-ozcan-ekoturk-sektorel-bakista-gayrimenkul-sertifikalarini-anlatti\/\" target=\"_blank\">\r\n\t\t\t\tGAPAS Ba\u015fkan\u0131 \u00d6ZCAN Ekot\u00fcrk &#8211; Sekt\u00f6rel Bak\u0131\u015f&#8217;ta Gayrimenkul Sertifikalar\u0131n\u0131 Anlatt\u0131\t\t\t<\/a>\r\n\t\t<\/h2>\r\n\t\t\t\t<div class=\"premium-blog-entry-meta\">\r\n\t\t\t\r\n\t\t\t\r\n\t\t\t\t\t\t\t<span class=\"premium-blog-meta-separator\">\u2022<\/span>\r\n\t\t\t\t<div class=\"premium-blog-post-categories premium-blog-meta-data\">\r\n\t\t\t\t\t<i class=\"fa fa-align-left fa-fw\" aria-hidden=\"true\"><\/i>\r\n\t\t\t\t\t<a href=\"https:\/\/www.gapas.org.tr\/index.php\/category\/basinda-biz\/\" rel=\"category tag\">Bas\u0131nda Biz<\/a>\t\t\t\t<\/div>\r\n\t\t\t\r\n\t\t\t\t\t<\/div>\r\n\t\t\r\n\t\t\t\t\t<\/div>\r\n\r\n\t\t\t\t\t\t\t<div class=\"premium-blog-content-inner-wrapper\">\r\n\t\t<p class=\"premium-blog-post-content\">EkoT\u00fcrk TV&#8217;de yay\u0131nlanan, Sn. Lale Elmac\u0131o\u011flu&#8217;nun sundu\u011fu Sekt\u00f6rel Bak\u0131\u015f program\u0131nda, TOK\u0130 ve Emlak Konut GYO taraf\u0131ndan hayata ge\u00e7irilen &#8216;gayrimenkul sertifikas\u0131&#8217; uygulamas\u0131 i\u015flendi. \u2026<\/p>\t\t<\/div>\r\n\t\t\t\t\t\t\t\r\n\t\t\t\t<\/div>\r\n\t\t\t<\/div>\r\n\t\t<\/div>\r\n\r\n\t\t\t\t<div class=\"premium-blog-post-outer-container\" data-total=\"5\">\r\n\t\t\t<div class=\"premium-blog-post-container premium-blog-skin-classic\">\r\n\t\t\t\t\t\t\t\t\t\t\t\t<div class=\"premium-blog-content-wrapper empty-thumb\">\r\n\r\n\t\t\t\t\t<div class=\"premium-blog-inner-container\">\r\n\r\n\t\t\t\t\t\t\t\t\t\t\t\t\t\t<h2 class=\"premium-blog-entry-title\">\r\n\t\t\t<a href=\"https:\/\/www.gapas.org.tr\/index.php\/2025\/07\/24\/gapas-baskani-ozcan-gayrimenkul-sertifikalarini-ntv-piyasa-ekraninda-degerlendirdi\/\" target=\"_blank\">\r\n\t\t\t\tGAPAS Ba\u015fkan\u0131 \u00d6zcan Gayrimenkul Sertifikalar\u0131&#8217;n\u0131 NTV Piyasa Ekran\u0131&#8217;nda De\u011ferlendirdi\t\t\t<\/a>\r\n\t\t<\/h2>\r\n\t\t\t\t<div class=\"premium-blog-entry-meta\">\r\n\t\t\t\r\n\t\t\t\r\n\t\t\t\t\t\t\t<span class=\"premium-blog-meta-separator\">\u2022<\/span>\r\n\t\t\t\t<div class=\"premium-blog-post-categories premium-blog-meta-data\">\r\n\t\t\t\t\t<i class=\"fa fa-align-left fa-fw\" aria-hidden=\"true\"><\/i>\r\n\t\t\t\t\t<a href=\"https:\/\/www.gapas.org.tr\/index.php\/category\/basinda-biz\/\" rel=\"category tag\">Bas\u0131nda Biz<\/a>\t\t\t\t<\/div>\r\n\t\t\t\r\n\t\t\t\t\t<\/div>\r\n\t\t\r\n\t\t\t\t\t<\/div>\r\n\r\n\t\t\t\t\t\t\t<div class=\"premium-blog-content-inner-wrapper\">\r\n\t\t<p class=\"premium-blog-post-content\">GAPAS Ba\u015fkan\u0131 Sn. \u0130smail \u00d6zcan, 24 Temmuz 2025 g\u00fcn\u00fc TOK\u0130 ve Emlak Konut GYO taraf\u0131ndan hayata ge\u00e7irilen &#8216;gayrimenkul sertifikas\u0131&#8217; uygulamas\u0131n\u0131 NTV&#8217;ye de\u011ferlendirdi. \u2026<\/p>\t\t<\/div>\r\n\t\t\t\t\t\t\t\r\n\t\t\t\t<\/div>\r\n\t\t\t<\/div>\r\n\t\t<\/div>\r\n\r\n\t\t\t\t<div class=\"premium-blog-post-outer-container\" data-total=\"5\">\r\n\t\t\t<div class=\"premium-blog-post-container premium-blog-skin-classic\">\r\n\t\t\t\t\t\t\t\t\t\t\t\t<div class=\"premium-blog-content-wrapper empty-thumb\">\r\n\r\n\t\t\t\t\t<div class=\"premium-blog-inner-container\">\r\n\r\n\t\t\t\t\t\t\t\t\t\t\t\t\t\t<h2 class=\"premium-blog-entry-title\">\r\n\t\t\t<a href=\"https:\/\/www.gapas.org.tr\/index.php\/2025\/06\/04\/ntv-parantezde-gapas-baskani-ismail-ozcan-goruslerini-paylasti\/\" target=\"_blank\">\r\n\t\t\t\tNTV Parantez&#8217;de GAPAS Ba\u015fkan\u0131 \u0130smail \u00d6zcan G\u00f6r\u00fc\u015flerini Payla\u015ft\u0131\t\t\t<\/a>\r\n\t\t<\/h2>\r\n\t\t\t\t<div class=\"premium-blog-entry-meta\">\r\n\t\t\t\r\n\t\t\t\r\n\t\t\t\t\t\t\t<span class=\"premium-blog-meta-separator\">\u2022<\/span>\r\n\t\t\t\t<div class=\"premium-blog-post-categories premium-blog-meta-data\">\r\n\t\t\t\t\t<i class=\"fa fa-align-left fa-fw\" aria-hidden=\"true\"><\/i>\r\n\t\t\t\t\t<a href=\"https:\/\/www.gapas.org.tr\/index.php\/category\/basinda-biz\/\" rel=\"category tag\">Bas\u0131nda Biz<\/a>\t\t\t\t<\/div>\r\n\t\t\t\r\n\t\t\t\t\t<\/div>\r\n\t\t\r\n\t\t\t\t\t<\/div>\r\n\r\n\t\t\t\t\t\t\t<div class=\"premium-blog-content-inner-wrapper\">\r\n\t\t<p class=\"premium-blog-post-content\">GAPAS Ba\u015fkan\u0131 Sn. \u0130smail \u00d6zcan, 23 Nisan 2025 g\u00fcn\u00fc ger\u00e7ekle\u015fen 6,2 \u015fiddetindeki \u0130stanbul depremi sonras\u0131nda gayrimenkul sekt\u00f6r\u00fcnde olu\u015fan sat\u0131n alma ve kiralama \u2026<\/p>\t\t<\/div>\r\n\t\t\t\t\t\t\t\r\n\t\t\t\t<\/div>\r\n\t\t\t<\/div>\r\n\t\t<\/div>\r\n\r\n\t\t\t\t<div class=\"premium-blog-post-outer-container\" data-total=\"5\">\r\n\t\t\t<div class=\"premium-blog-post-container premium-blog-skin-classic\">\r\n\t\t\t\t\t\t\t\t\t\t\t\t<div class=\"premium-blog-content-wrapper empty-thumb\">\r\n\r\n\t\t\t\t\t<div class=\"premium-blog-inner-container\">\r\n\r\n\t\t\t\t\t\t\t\t\t\t\t\t\t\t<h2 class=\"premium-blog-entry-title\">\r\n\t\t\t<a href=\"https:\/\/www.gapas.org.tr\/index.php\/2025\/05\/27\/gapas-baskani-ismail-ozcan-ekoturk-tvde-sektorel-bakisa-katildi\/\" target=\"_blank\">\r\n\t\t\t\tGAPAS Ba\u015fkan\u0131 \u0130smail \u00d6zcan Ekot\u00fcrk TV&#8217;de Sekt\u00f6rel Bak\u0131\u015f&#8217;a Kat\u0131ld\u0131\t\t\t<\/a>\r\n\t\t<\/h2>\r\n\t\t\t\t<div class=\"premium-blog-entry-meta\">\r\n\t\t\t\r\n\t\t\t\r\n\t\t\t\t\t\t\t<span class=\"premium-blog-meta-separator\">\u2022<\/span>\r\n\t\t\t\t<div class=\"premium-blog-post-categories premium-blog-meta-data\">\r\n\t\t\t\t\t<i class=\"fa fa-align-left fa-fw\" aria-hidden=\"true\"><\/i>\r\n\t\t\t\t\t<a href=\"https:\/\/www.gapas.org.tr\/index.php\/category\/basinda-biz\/\" rel=\"category tag\">Bas\u0131nda Biz<\/a>\t\t\t\t<\/div>\r\n\t\t\t\r\n\t\t\t\t\t<\/div>\r\n\t\t\r\n\t\t\t\t\t<\/div>\r\n\r\n\t\t\t\t\t\t\t<div class=\"premium-blog-content-inner-wrapper\">\r\n\t\t<p class=\"premium-blog-post-content\">Ekot\u00fcrk TV&#8217;de gayrimenkul sekt\u00f6r\u00fcn\u00fcn de\u011ferlendirildi\u011fi 23.05.2025 g\u00fcnl\u00fc Sekt\u00f6rel Bak\u0131\u015f program\u0131n\u0131n konu\u011fu, GAPAS Ba\u015fkan\u0131 Sn. \u0130smail \u00d6ZCAN oldu. Sn. Lale Elmac\u0131o\u011flu taraf\u0131ndan haz\u0131rlanan \u2026<\/p>\t\t<\/div>\r\n\t\t\t\t\t\t\t\r\n\t\t\t\t<\/div>\r\n\t\t\t<\/div>\r\n\t\t<\/div>\r\n\r\n\t\t\t\t<div class=\"premium-blog-post-outer-container\" data-total=\"5\">\r\n\t\t\t<div class=\"premium-blog-post-container premium-blog-skin-classic\">\r\n\t\t\t\t\t\t\t\t\t\t\t\t<div class=\"premium-blog-content-wrapper empty-thumb\">\r\n\r\n\t\t\t\t\t<div class=\"premium-blog-inner-container\">\r\n\r\n\t\t\t\t\t\t\t\t\t\t\t\t\t\t<h2 class=\"premium-blog-entry-title\">\r\n\t\t\t<a href=\"https:\/\/www.gapas.org.tr\/index.php\/2025\/05\/09\/gapas-baskani-ismail-ozcandan-turkiyede-is-dunyasi-dergisine-degerlendirme\/\" target=\"_blank\">\r\n\t\t\t\tGAPAS Ba\u015fkan\u0131 \u0130smail \u00d6zcan&#8217;dan T\u00fcrkiye&#8217;de \u0130\u015f D\u00fcnyas\u0131 Dergisi&#8217;ne De\u011ferlendirme\t\t\t<\/a>\r\n\t\t<\/h2>\r\n\t\t\t\t<div class=\"premium-blog-entry-meta\">\r\n\t\t\t\r\n\t\t\t\r\n\t\t\t\t\t\t\t<span class=\"premium-blog-meta-separator\">\u2022<\/span>\r\n\t\t\t\t<div class=\"premium-blog-post-categories premium-blog-meta-data\">\r\n\t\t\t\t\t<i class=\"fa fa-align-left fa-fw\" aria-hidden=\"true\"><\/i>\r\n\t\t\t\t\t<a href=\"https:\/\/www.gapas.org.tr\/index.php\/category\/basinda-biz\/\" rel=\"category tag\">Bas\u0131nda Biz<\/a>\t\t\t\t<\/div>\r\n\t\t\t\r\n\t\t\t\t\t<\/div>\r\n\t\t\r\n\t\t\t\t\t<\/div>\r\n\r\n\t\t\t\t\t\t\t<div class=\"premium-blog-content-inner-wrapper\">\r\n\t\t<p class=\"premium-blog-post-content\">\u00a0 Gayrimenkul Pazarlama ve Sat\u0131\u015f Profesyonelleri Derne\u011fi y\u00f6netim kurulu ba\u015fkan\u0131 Sn. \u0130smail \u00d6ZCAN, T\u00fcrkiye&#8217;de \u0130\u015f D\u00fcnyas\u0131 dergisinde Ezgi Acer taraf\u0131ndan kaleme al\u0131nan \u2026<\/p>\t\t<\/div>\r\n\t\t\t\t\t\t\t\r\n\t\t\t\t<\/div>\r\n\t\t\t<\/div>\r\n\t\t<\/div>\r\n\r\n\t\t\t\t<div class=\"premium-blog-post-outer-container\" data-total=\"5\">\r\n\t\t\t<div class=\"premium-blog-post-container premium-blog-skin-classic\">\r\n\t\t\t\t\t\t\t\t\t\t\t\t<div class=\"premium-blog-content-wrapper empty-thumb\">\r\n\r\n\t\t\t\t\t<div class=\"premium-blog-inner-container\">\r\n\r\n\t\t\t\t\t\t\t\t\t\t\t\t\t\t<h2 class=\"premium-blog-entry-title\">\r\n\t\t\t<a href=\"https:\/\/www.gapas.org.tr\/index.php\/2025\/05\/02\/gapastan-stok-affi-onerisi\/\" target=\"_blank\">\r\n\t\t\t\tGAPAS&#8217;tan Stok Aff\u0131 \u00d6nerisi\t\t\t<\/a>\r\n\t\t<\/h2>\r\n\t\t\t\t<div class=\"premium-blog-entry-meta\">\r\n\t\t\t\r\n\t\t\t\r\n\t\t\t\t\t\t\t<span class=\"premium-blog-meta-separator\">\u2022<\/span>\r\n\t\t\t\t<div class=\"premium-blog-post-categories premium-blog-meta-data\">\r\n\t\t\t\t\t<i class=\"fa fa-align-left fa-fw\" aria-hidden=\"true\"><\/i>\r\n\t\t\t\t\t<a href=\"https:\/\/www.gapas.org.tr\/index.php\/category\/basinda-biz\/\" rel=\"category tag\">Bas\u0131nda Biz<\/a>\t\t\t\t<\/div>\r\n\t\t\t\r\n\t\t\t\t\t<\/div>\r\n\t\t\r\n\t\t\t\t\t<\/div>\r\n\r\n\t\t\t\t\t\t\t<div class=\"premium-blog-content-inner-wrapper\">\r\n\t\t<p class=\"premium-blog-post-content\">Hali haz\u0131rda 5 y\u0131l\u0131 doldurmadan sat\u0131lan, ger\u00e7ek ki\u015filerin sahibi olduklar\u0131 gayrimenkuller i\u00e7in elde ettikleri gelirlerin, de\u011fer art\u0131\u015f vergisi \u00e7er\u00e7evesinde beyan edilmesi ve \u2026<\/p>\t\t<\/div>\r\n\t\t\t\t\t\t\t\r\n\t\t\t\t<\/div>\r\n\t\t\t<\/div>\r\n\t\t<\/div>\r\n\r\n\t\t\t\t<div class=\"premium-blog-post-outer-container\" data-total=\"5\">\r\n\t\t\t<div class=\"premium-blog-post-container premium-blog-skin-classic\">\r\n\t\t\t\t\t\t\t\t\t\t\t\t<div class=\"premium-blog-content-wrapper empty-thumb\">\r\n\r\n\t\t\t\t\t<div class=\"premium-blog-inner-container\">\r\n\r\n\t\t\t\t\t\t\t\t\t\t\t\t\t\t<h2 class=\"premium-blog-entry-title\">\r\n\t\t\t<a href=\"https:\/\/www.gapas.org.tr\/index.php\/2025\/04\/05\/gapas-baskani-ismail-ozcan-2025-yili-ilk-3-aydaki-konut-satislarindaki-rekoru-aaya-degerlendirdi\/\" target=\"_blank\">\r\n\t\t\t\tGAPAS Ba\u015fkan\u0131 \u0130smail \u00d6zcan 2025 Y\u0131l\u0131 \u0130lk 3 Aydaki Konut Sat\u0131\u015flar\u0131ndaki Rekoru AA&#8217;ya De\u011ferlendirdi\t\t\t<\/a>\r\n\t\t<\/h2>\r\n\t\t\t\t<div class=\"premium-blog-entry-meta\">\r\n\t\t\t\r\n\t\t\t\r\n\t\t\t\t\t\t\t<span class=\"premium-blog-meta-separator\">\u2022<\/span>\r\n\t\t\t\t<div class=\"premium-blog-post-categories premium-blog-meta-data\">\r\n\t\t\t\t\t<i class=\"fa fa-align-left fa-fw\" aria-hidden=\"true\"><\/i>\r\n\t\t\t\t\t<a href=\"https:\/\/www.gapas.org.tr\/index.php\/category\/basinda-biz\/\" rel=\"category tag\">Bas\u0131nda Biz<\/a>\t\t\t\t<\/div>\r\n\t\t\t\r\n\t\t\t\t\t<\/div>\r\n\t\t\r\n\t\t\t\t\t<\/div>\r\n\r\n\t\t\t\t\t\t\t<div class=\"premium-blog-content-inner-wrapper\">\r\n\t\t<p class=\"premium-blog-post-content\">Gayrimenkul sat\u0131\u015flar\u0131nda t\u00fcm zamanlar\u0131n ilk \u00e7eyrek rekoru k\u0131r\u0131ld\u0131; T\u00fcrkiye genelinde sat\u0131lan gayrimenkul say\u0131s\u0131 Ocak-Mart d\u00f6neminde 694.628 adede ula\u015farak t\u00fcm zamanlar\u0131n ilk \u00e7eyrek \u2026<\/p>\t\t<\/div>\r\n\t\t\t\t\t\t\t\r\n\t\t\t\t<\/div>\r\n\t\t\t<\/div>\r\n\t\t<\/div>\r\n\r\n\t\t\t\t<div class=\"premium-blog-post-outer-container\" data-total=\"5\">\r\n\t\t\t<div class=\"premium-blog-post-container premium-blog-skin-classic\">\r\n\t\t\t\t\t\t\t\t\t\t\t\t<div class=\"premium-blog-content-wrapper empty-thumb\">\r\n\r\n\t\t\t\t\t<div class=\"premium-blog-inner-container\">\r\n\r\n\t\t\t\t\t\t\t\t\t\t\t\t\t\t<h2 class=\"premium-blog-entry-title\">\r\n\t\t\t<a href=\"https:\/\/www.gapas.org.tr\/index.php\/2025\/04\/02\/gapas-baskani-ismail-ozcan-ntvde-eidsni-degerlendirdi\/\" target=\"_blank\">\r\n\t\t\t\tGAPAS Ba\u015fkan\u0131 \u0130smail \u00d6zcan NTV&#8217;de E\u0130DS&#8217;ni De\u011ferlendirdi\t\t\t<\/a>\r\n\t\t<\/h2>\r\n\t\t\t\t<div class=\"premium-blog-entry-meta\">\r\n\t\t\t\r\n\t\t\t\r\n\t\t\t\t\t\t\t<span class=\"premium-blog-meta-separator\">\u2022<\/span>\r\n\t\t\t\t<div class=\"premium-blog-post-categories premium-blog-meta-data\">\r\n\t\t\t\t\t<i class=\"fa fa-align-left fa-fw\" aria-hidden=\"true\"><\/i>\r\n\t\t\t\t\t<a href=\"https:\/\/www.gapas.org.tr\/index.php\/category\/basinda-biz\/\" rel=\"category tag\">Bas\u0131nda Biz<\/a>\t\t\t\t<\/div>\r\n\t\t\t\r\n\t\t\t\t\t<\/div>\r\n\t\t\r\n\t\t\t\t\t<\/div>\r\n\r\n\t\t\t\t\t\t\t<div class=\"premium-blog-content-inner-wrapper\">\r\n\t\t<p class=\"premium-blog-post-content\">Ticaret Bakanl\u0131\u011f\u0131 taraf\u0131ndan, Ocak 2025 ba\u015f\u0131nda \u00f6nce kiral\u0131k konutlar i\u00e7in devreye al\u0131nan Elektronik \u0130lan Do\u011frulama Sistemi&#8217;nin (E\u0130DS) 7 Nisan 2025 g\u00fcn\u00fc devreye \u2026<\/p>\t\t<\/div>\r\n\t\t\t\t\t\t\t\r\n\t\t\t\t<\/div>\r\n\t\t\t<\/div>\r\n\t\t<\/div>\r\n\r\n\t\t\t\t<\/div>\r\n\r\n\t\t\t\t<div class=\"premium-blog-footer\">\r\n\t\t\t\t\t\t<nav class=\"premium-blog-pagination-container\" role=\"navigation\" aria-label=\"Pagination\">\r\n\t\t\t\t<span aria-current=\"page\" class=\"page-numbers current\">1<\/span>\n<a class=\"page-numbers\" href=\"https:\/\/www.gapas.org.tr\/index.php\/wp-json\/wp\/v2\/pages\/349\/page\/2\/\">2<\/a>\n<a class=\"page-numbers\" href=\"https:\/\/www.gapas.org.tr\/index.php\/wp-json\/wp\/v2\/pages\/349\/page\/3\/\">3<\/a>\n<span class=\"page-numbers dots\">&hellip;<\/span>\n<a class=\"page-numbers\" href=\"https:\/\/www.gapas.org.tr\/index.php\/wp-json\/wp\/v2\/pages\/349\/page\/5\/\">5<\/a>\n<a class=\"next page-numbers\" href=\"https:\/\/www.gapas.org.tr\/index.php\/wp-json\/wp\/v2\/pages\/349\/page\/2\/\">Next \u00bb<\/a>\t\t\t<\/nav>\r\n\t\t\t\t\t<\/div>\r\n\t\t\t\t\t<\/div>\n\t\t\t\t<\/div>\n\t\t\t\t\t<\/div>\n\t\t<\/div>\n\t\t\t\t\t\t\t<\/div>\n\t\t<\/section>\n\t\t\t\t\t\t\t<\/div>\n\t\t","protected":false},"excerpt":{"rendered":"<p>Prof Dr. Ali Hep\u015fen, D\u00fcnya Gazetesi&#8217;ndeki K\u00f6\u015fesinde GAPAS&#8217;\u0131n Yeni M\u00fclkiyet Sistemi&#8217;ni De\u011ferlendirdi \u2022 Bas\u0131nda Biz \u0130stanbul \u00dcniversitesi \u00f6\u011fretim \u00fcyelerinden, ekonomi ve gayrimenkul alan\u0131ndaki \u00e7al\u0131\u015fmalar\u0131yla tan\u0131nan Prof. Dr. Ali Hep\u015fen, D\u00fcnya gazetesindeki 20.08.2024 tarihli yaz\u0131s\u0131nda, GAPAS&#8217;\u0131n 2022 y\u0131l\u0131nda \u2026 GAPAS Ba\u015fkan\u0131 \u0130smail \u00d6zcan NTV&#8217;ye %25 Konut Kira Art\u0131\u015f S\u0131n\u0131rlamas\u0131n\u0131n Sona Ermesini De\u011ferlendirdi \u2022 Bas\u0131nda Biz GAPAS [&hellip;]<\/p>\n","protected":false},"author":1,"featured_media":0,"parent":0,"menu_order":0,"comment_status":"closed","ping_status":"closed","template":"elementor_header_footer","meta":{"footnotes":""},"class_list":["post-349","page","type-page","status-publish","hentry"],"_links":{"self":[{"href":"https:\/\/www.gapas.org.tr\/index.php\/wp-json\/wp\/v2\/pages\/349","targetHints":{"allow":["GET"]}}],"collection":[{"href":"https:\/\/www.gapas.org.tr\/index.php\/wp-json\/wp\/v2\/pages"}],"about":[{"href":"https:\/\/www.gapas.org.tr\/index.php\/wp-json\/wp\/v2\/types\/page"}],"author":[{"embeddable":true,"href":"https:\/\/www.gapas.org.tr\/index.php\/wp-json\/wp\/v2\/users\/1"}],"replies":[{"embeddable":true,"href":"https:\/\/www.gapas.org.tr\/index.php\/wp-json\/wp\/v2\/comments?post=349"}],"version-history":[{"count":26,"href":"https:\/\/www.gapas.org.tr\/index.php\/wp-json\/wp\/v2\/pages\/349\/revisions"}],"predecessor-version":[{"id":2371,"href":"https:\/\/www.gapas.org.tr\/index.php\/wp-json\/wp\/v2\/pages\/349\/revisions\/2371"}],"wp:attachment":[{"href":"https:\/\/www.gapas.org.tr\/index.php\/wp-json\/wp\/v2\/media?parent=349"}],"curies":[{"name":"wp","href":"https:\/\/api.w.org\/{rel}","templated":true}]}}