{"id":500,"date":"2020-06-06T16:53:43","date_gmt":"2020-06-06T16:53:43","guid":{"rendered":"http:\/\/www.gapas.org.tr\/?page_id=500"},"modified":"2025-11-03T06:23:50","modified_gmt":"2025-11-03T06:23:50","slug":"yonetim","status":"publish","type":"page","link":"https:\/\/www.gapas.org.tr\/index.php\/yonetim\/","title":{"rendered":"Y\u00f6netim"},"content":{"rendered":"\t\t<div data-elementor-type=\"wp-page\" data-elementor-id=\"500\" class=\"elementor elementor-500\">\n\t\t\t\t\t\t\t\t\t<section class=\"elementor-section elementor-top-section elementor-element elementor-element-ecba057 elementor-section-content-middle elementor-section-boxed elementor-section-height-default elementor-section-height-default\" data-id=\"ecba057\" data-element_type=\"section\" data-settings=\"{&quot;background_background&quot;:&quot;gradient&quot;}\">\n\t\t\t\t\t\t<div class=\"elementor-container elementor-column-gap-default\">\n\t\t\t\t\t<div class=\"elementor-column elementor-col-100 elementor-top-column elementor-element elementor-element-6e2df45\" data-id=\"6e2df45\" data-element_type=\"column\">\n\t\t\t<div class=\"elementor-widget-wrap elementor-element-populated\">\n\t\t\t\t\t\t\t\t<section class=\"elementor-section elementor-inner-section elementor-element elementor-element-f2fc48b elementor-section-content-middle elementor-section-full_width elementor-section-height-default elementor-section-height-default\" data-id=\"f2fc48b\" data-element_type=\"section\">\n\t\t\t\t\t\t<div class=\"elementor-container elementor-column-gap-default\">\n\t\t\t\t\t<div class=\"elementor-column elementor-col-33 elementor-inner-column elementor-element elementor-element-7577f65\" data-id=\"7577f65\" data-element_type=\"column\">\n\t\t\t<div class=\"elementor-widget-wrap\">\n\t\t\t\t\t\t\t\t\t<\/div>\n\t\t<\/div>\n\t\t\t\t<div class=\"elementor-column elementor-col-33 elementor-inner-column elementor-element elementor-element-1609992\" data-id=\"1609992\" data-element_type=\"column\">\n\t\t\t<div class=\"elementor-widget-wrap elementor-element-populated\">\n\t\t\t\t\t\t\t\t<div class=\"elementor-element elementor-element-bbc20bb premium-header-inline elementor-widget elementor-widget-premium-addon-dual-header\" data-id=\"bbc20bb\" data-element_type=\"widget\" data-widget_type=\"premium-addon-dual-header.default\">\n\t\t\t\t<div class=\"elementor-widget-container\">\n\t\t\t\r\n\t\t\t\t\t<h1 class=\"premium-dual-header-first-header \"><span class=\"premium-dual-header-first-span\">Y\u00f6netim Kurulu <\/span><\/h1> \t\t\r\n\t\t\t\t<\/div>\n\t\t\t\t<\/div>\n\t\t\t\t<div class=\"elementor-element elementor-element-064195e premium-header-inline elementor-widget elementor-widget-premium-addon-dual-header\" data-id=\"064195e\" data-element_type=\"widget\" data-widget_type=\"premium-addon-dual-header.default\">\n\t\t\t\t<div class=\"elementor-widget-container\">\n\t\t\t\r\n\t\t\t\t\t<h1 class=\"premium-dual-header-first-header \"><span class=\"premium-dual-header-first-span\">Ba\u015fkan <\/span><\/h1> \t\t\r\n\t\t\t\t<\/div>\n\t\t\t\t<\/div>\n\t\t\t\t<div class=\"elementor-element elementor-element-a440621 elementor-widget elementor-widget-premium-addon-person\" data-id=\"a440621\" data-element_type=\"widget\" data-widget_type=\"premium-addon-person.default\">\n\t\t\t\t<div class=\"elementor-widget-container\">\n\t\t\t\t\t<div class=\"premium-persons-container premium-person-style1\">\r\n\t\t\t\t\t\t<div class=\"premium-person-container premium-person-zoomout-effect\">\r\n\t\t\t\t<div class=\"premium-person-image-container\">\r\n\t\t\t\t\t<img fetchpriority=\"high\" decoding=\"async\" width=\"746\" height=\"870\" src=\"https:\/\/www.gapas.org.tr\/wp-content\/uploads\/2023\/05\/MKS_SB-e1683897885973.jpg\" class=\"attachment-full size-full wp-image-1426\" alt=\"\" srcset=\"https:\/\/www.gapas.org.tr\/wp-content\/uploads\/2023\/05\/MKS_SB-e1683897885973.jpg 746w, https:\/\/www.gapas.org.tr\/wp-content\/uploads\/2023\/05\/MKS_SB-e1683897885973-257x300.jpg 257w\" sizes=\"(max-width: 746px) 100vw, 746px\" \/>\t\t\t\t\t\t\t\t\t<\/div>\r\n\t\t\t\t<div class=\"premium-person-info\">\r\n\t\t\t\t\t\t\t\t<div class=\"premium-person-info-container\">\r\n\t\t\t\t\t\t\t\t\t<h3 class=\"premium-person-name\">\r\n\t\t\t\t\t\t<p style=\"color:white\">Mustafa Kemal \u015eAH\u0130N<\/p>\t\t\t\t\t<\/h3>\r\n\t\t\t\t\t\t\t\t\t\t\t<h5 class=\"premium-person-title\">\r\n\t\t\t\t\t\t\t<span><p style=\"color:white\">Ba\u015fkan<\/span>\r\n\t\t\t\t\t\t<\/h5>\r\n\t\t\t\t\t<ul class=\"premium-person-social-list\">\t\t\t\t<li class=\"elementor-icon premium-person-list-item premium-person-twitter\">\r\n\t\t\t\t\t<a href=\"http:\/\/www.twitter.com\/mksahin\" target=\"_blank\">\r\n\t\t\t\t\t\t<i class=\"fab fa-twitter\"><\/i>\r\n\t\t\t\t\t<\/a>\r\n\t\t\t\t<\/li>\r\n\t\t\t\t\t\t\t\t<li class=\"elementor-icon premium-person-list-item premium-person-linkedin\">\r\n\t\t\t\t\t<a href=\"https:\/\/www.linkedin.com\/in\/mustafakemalsahin\/\" target=\"_blank\">\r\n\t\t\t\t\t\t<i class=\"fab fa-linkedin\"><\/i>\r\n\t\t\t\t\t<\/a>\r\n\t\t\t\t<\/li>\r\n\t\t\t\t\t\t\t\t<li class=\"elementor-icon premium-person-list-item premium-person-instagram\">\r\n\t\t\t\t\t<a href=\"http:\/\/www.instagram.com\/mksahin_\" target=\"_blank\">\r\n\t\t\t\t\t\t<i class=\"fab fa-instagram\"><\/i>\r\n\t\t\t\t\t<\/a>\r\n\t\t\t\t<\/li>\r\n\t\t\t\t\t\t\t\t<li class=\"elementor-icon premium-person-list-item premium-person-mail\">\r\n\t\t\t\t\t<a href=\"mailto:baskan@gapas.org.tr\" target=\"_blank\">\r\n\t\t\t\t\t\t<i class=\"fa fa-envelope\"><\/i>\r\n\t\t\t\t\t<\/a>\r\n\t\t\t\t<\/li>\r\n\t\t\t\t<\/ul>\t\t\t<\/div>\r\n\t\t\t\t\t\t\t<\/div>\r\n\t\t\t<\/div>\r\n\t\t\t\t\t\t<\/div>\r\n\t\t\t\t<\/div>\n\t\t\t\t<\/div>\n\t\t\t\t\t<\/div>\n\t\t<\/div>\n\t\t\t\t<div class=\"elementor-column elementor-col-33 elementor-inner-column elementor-element elementor-element-cfbbcba\" data-id=\"cfbbcba\" data-element_type=\"column\">\n\t\t\t<div class=\"elementor-widget-wrap\">\n\t\t\t\t\t\t\t\t\t<\/div>\n\t\t<\/div>\n\t\t\t\t\t\t\t<\/div>\n\t\t<\/section>\n\t\t\t\t<div class=\"elementor-element elementor-element-91c4b2a elementor-widget-divider--view-line elementor-widget elementor-widget-divider\" data-id=\"91c4b2a\" data-element_type=\"widget\" data-widget_type=\"divider.default\">\n\t\t\t\t<div class=\"elementor-widget-container\">\n\t\t\t\t\t<div class=\"elementor-divider\">\n\t\t\t<span class=\"elementor-divider-separator\">\n\t\t\t\t\t\t<\/span>\n\t\t<\/div>\n\t\t\t\t<\/div>\n\t\t\t\t<\/div>\n\t\t\t\t<div class=\"elementor-element elementor-element-d5e0610 premium-header-inline elementor-widget elementor-widget-premium-addon-dual-header\" data-id=\"d5e0610\" data-element_type=\"widget\" data-widget_type=\"premium-addon-dual-header.default\">\n\t\t\t\t<div class=\"elementor-widget-container\">\n\t\t\t\r\n\t\t\t\t\t<h2 class=\"premium-dual-header-first-header \"><span class=\"premium-dual-header-first-span\">Y\u00f6netim Kurulu - Asil \u00dcyeler <\/span><\/h2> \t\t\r\n\t\t\t\t<\/div>\n\t\t\t\t<\/div>\n\t\t\t\t<section class=\"elementor-section elementor-inner-section elementor-element elementor-element-43492c4 elementor-section-full_width elementor-section-height-min-height elementor-section-height-default\" data-id=\"43492c4\" data-element_type=\"section\">\n\t\t\t\t\t\t<div class=\"elementor-container elementor-column-gap-default\">\n\t\t\t\t\t<div class=\"elementor-column elementor-col-33 elementor-inner-column elementor-element elementor-element-a25694f\" data-id=\"a25694f\" data-element_type=\"column\">\n\t\t\t<div class=\"elementor-widget-wrap elementor-element-populated\">\n\t\t\t\t\t\t\t\t<div class=\"elementor-element elementor-element-27ba6d8 elementor-widget elementor-widget-premium-addon-person\" data-id=\"27ba6d8\" data-element_type=\"widget\" data-widget_type=\"premium-addon-person.default\">\n\t\t\t\t<div class=\"elementor-widget-container\">\n\t\t\t\t\t<div class=\"premium-persons-container premium-person-style1\">\r\n\t\t\t\t\t\t<div class=\"premium-person-container premium-person-zoomout-effect\">\r\n\t\t\t\t<div class=\"premium-person-image-container\">\r\n\t\t\t\t\t<img decoding=\"async\" width=\"768\" height=\"904\" src=\"https:\/\/www.gapas.org.tr\/wp-content\/uploads\/2025\/02\/Gulfem-Tandogan-e1738846944504.jpg\" class=\"attachment-full size-full wp-image-2588\" alt=\"\" srcset=\"https:\/\/www.gapas.org.tr\/wp-content\/uploads\/2025\/02\/Gulfem-Tandogan-e1738846944504.jpg 768w, https:\/\/www.gapas.org.tr\/wp-content\/uploads\/2025\/02\/Gulfem-Tandogan-e1738846944504-255x300.jpg 255w\" sizes=\"(max-width: 768px) 100vw, 768px\" \/>\t\t\t\t\t\t\t\t\t<\/div>\r\n\t\t\t\t<div class=\"premium-person-info\">\r\n\t\t\t\t\t\t\t\t<div class=\"premium-person-info-container\">\r\n\t\t\t\t\t\t\t\t\t<h3 class=\"premium-person-name\">\r\n\t\t\t\t\t\tG\u00fclfem TANDO\u011eAN\t\t\t\t\t<\/h3>\r\n\t\t\t\t\t\t\t\t\t\t\t<h5 class=\"premium-person-title\">\r\n\t\t\t\t\t\t\t<span>Y\u00f6n. Krl. Ba\u015fkan Yard\u0131mc\u0131s\u0131<\/span>\r\n\t\t\t\t\t\t<\/h5>\r\n\t\t\t\t\t<ul class=\"premium-person-social-list\">\t\t\t\t<li class=\"elementor-icon premium-person-list-item premium-person-linkedin\">\r\n\t\t\t\t\t<a href=\"https:\/\/www.linkedin.com\/in\/g%C3%BClfem-tando%C4%9Fan-2b186a15b\/\" target=\"_blank\">\r\n\t\t\t\t\t\t<i class=\"fab fa-linkedin\"><\/i>\r\n\t\t\t\t\t<\/a>\r\n\t\t\t\t<\/li>\r\n\t\t\t\t\t\t\t\t<li class=\"elementor-icon premium-person-list-item premium-person-mail\">\r\n\t\t\t\t\t<a href=\"mailto:gtandogan@gapas.org.tr\" target=\"_blank\">\r\n\t\t\t\t\t\t<i class=\"fa fa-envelope\"><\/i>\r\n\t\t\t\t\t<\/a>\r\n\t\t\t\t<\/li>\r\n\t\t\t\t<\/ul>\t\t\t<\/div>\r\n\t\t\t\t\t\t\t<\/div>\r\n\t\t\t<\/div>\r\n\t\t\t\t\t\t<\/div>\r\n\t\t\t\t<\/div>\n\t\t\t\t<\/div>\n\t\t\t\t<div class=\"elementor-element elementor-element-68856d1 elementor-widget elementor-widget-premium-addon-person\" data-id=\"68856d1\" data-element_type=\"widget\" data-widget_type=\"premium-addon-person.default\">\n\t\t\t\t<div class=\"elementor-widget-container\">\n\t\t\t\t\t<div class=\"premium-persons-container premium-person-style1\">\r\n\t\t\t\t\t\t<div class=\"premium-person-container premium-person-zoomout-effect\">\r\n\t\t\t\t<div class=\"premium-person-image-container\">\r\n\t\t\t\t\t<img decoding=\"async\" width=\"513\" height=\"609\" src=\"https:\/\/www.gapas.org.tr\/wp-content\/uploads\/2023\/05\/Levent-Kayik-SB-e1684337019457.jpg\" class=\"attachment-full size-full wp-image-1400\" alt=\"\" srcset=\"https:\/\/www.gapas.org.tr\/wp-content\/uploads\/2023\/05\/Levent-Kayik-SB-e1684337019457.jpg 513w, https:\/\/www.gapas.org.tr\/wp-content\/uploads\/2023\/05\/Levent-Kayik-SB-e1684337019457-253x300.jpg 253w\" sizes=\"(max-width: 513px) 100vw, 513px\" \/>\t\t\t\t\t\t\t\t\t<\/div>\r\n\t\t\t\t<div class=\"premium-person-info\">\r\n\t\t\t\t\t\t\t\t<div class=\"premium-person-info-container\">\r\n\t\t\t\t\t\t\t\t\t<h3 class=\"premium-person-name\">\r\n\t\t\t\t\t\tLevent KAYIK\t\t\t\t\t<\/h3>\r\n\t\t\t\t\t\t\t\t\t\t\t<h5 class=\"premium-person-title\">\r\n\t\t\t\t\t\t\t<span>Y\u00f6netim Kurulu Asil \u00dcyesi<\/span>\r\n\t\t\t\t\t\t<\/h5>\r\n\t\t\t\t\t<ul class=\"premium-person-social-list\">\t\t\t\t<li class=\"elementor-icon premium-person-list-item premium-person-linkedin\">\r\n\t\t\t\t\t<a href=\"https:\/\/www.linkedin.com\/in\/leventkayik\/\" target=\"_blank\">\r\n\t\t\t\t\t\t<i class=\"fab fa-linkedin\"><\/i>\r\n\t\t\t\t\t<\/a>\r\n\t\t\t\t<\/li>\r\n\t\t\t\t\t\t\t\t<li class=\"elementor-icon premium-person-list-item premium-person-mail\">\r\n\t\t\t\t\t<a href=\"mailto:leventkaiyk@gapas.org.tr\" target=\"_blank\">\r\n\t\t\t\t\t\t<i class=\"fa fa-envelope\"><\/i>\r\n\t\t\t\t\t<\/a>\r\n\t\t\t\t<\/li>\r\n\t\t\t\t\t\t\t\t<li class=\"elementor-icon premium-person-list-item premium-person-site\">\r\n\t\t\t\t\t<a href=\"https:\/\/www.gayrimenkul.city\/\" target=\"_blank\">\r\n\t\t\t\t\t\t<i class=\"fa fa-link\"><\/i>\r\n\t\t\t\t\t<\/a>\r\n\t\t\t\t<\/li>\r\n\t\t\t\t<\/ul>\t\t\t<\/div>\r\n\t\t\t\t\t\t\t<\/div>\r\n\t\t\t<\/div>\r\n\t\t\t\t\t\t<\/div>\r\n\t\t\t\t<\/div>\n\t\t\t\t<\/div>\n\t\t\t\t\t<\/div>\n\t\t<\/div>\n\t\t\t\t<div class=\"elementor-column elementor-col-33 elementor-inner-column elementor-element elementor-element-c83a409\" data-id=\"c83a409\" data-element_type=\"column\">\n\t\t\t<div class=\"elementor-widget-wrap elementor-element-populated\">\n\t\t\t\t\t\t\t\t<div class=\"elementor-element elementor-element-6bae94b elementor-widget-tablet__width-initial elementor-widget__width-inherit elementor-widget elementor-widget-premium-addon-person\" data-id=\"6bae94b\" data-element_type=\"widget\" data-widget_type=\"premium-addon-person.default\">\n\t\t\t\t<div class=\"elementor-widget-container\">\n\t\t\t\t\t<div class=\"premium-persons-container premium-person-style1\">\r\n\t\t\t\t\t\t<div class=\"premium-person-container premium-person-zoomout-effect\">\r\n\t\t\t\t<div class=\"premium-person-image-container\">\r\n\t\t\t\t\t<img loading=\"lazy\" decoding=\"async\" width=\"1872\" height=\"2203\" src=\"https:\/\/www.gapas.org.tr\/wp-content\/uploads\/2023\/05\/KaderAydin-SB-scaled-e1684336976381.jpg\" class=\"attachment-full size-full wp-image-1420\" alt=\"\" srcset=\"https:\/\/www.gapas.org.tr\/wp-content\/uploads\/2023\/05\/KaderAydin-SB-scaled-e1684336976381.jpg 1872w, https:\/\/www.gapas.org.tr\/wp-content\/uploads\/2023\/05\/KaderAydin-SB-scaled-e1684336976381-255x300.jpg 255w, https:\/\/www.gapas.org.tr\/wp-content\/uploads\/2023\/05\/KaderAydin-SB-scaled-e1684336976381-870x1024.jpg 870w, https:\/\/www.gapas.org.tr\/wp-content\/uploads\/2023\/05\/KaderAydin-SB-scaled-e1684336976381-768x904.jpg 768w, https:\/\/www.gapas.org.tr\/wp-content\/uploads\/2023\/05\/KaderAydin-SB-scaled-e1684336976381-1305x1536.jpg 1305w, https:\/\/www.gapas.org.tr\/wp-content\/uploads\/2023\/05\/KaderAydin-SB-scaled-e1684336976381-1740x2048.jpg 1740w\" sizes=\"(max-width: 1872px) 100vw, 1872px\" \/>\t\t\t\t\t\t\t\t\t<\/div>\r\n\t\t\t\t<div class=\"premium-person-info\">\r\n\t\t\t\t\t\t\t\t<div class=\"premium-person-info-container\">\r\n\t\t\t\t\t\t\t\t\t<h3 class=\"premium-person-name\">\r\n\t\t\t\t\t\tKader AYDIN\t\t\t\t\t<\/h3>\r\n\t\t\t\t\t\t\t\t\t\t\t<h5 class=\"premium-person-title\">\r\n\t\t\t\t\t\t\t<span>Y\u00f6netim Kurulu Asil \u00dcyesi<\/span>\r\n\t\t\t\t\t\t<\/h5>\r\n\t\t\t\t\t<ul class=\"premium-person-social-list\">\t\t\t\t<li class=\"elementor-icon premium-person-list-item premium-person-linkedin\">\r\n\t\t\t\t\t<a href=\"https:\/\/www.linkedin.com\/in\/av-kader-ayd%C4%B1n-92b601159\/\" target=\"_blank\">\r\n\t\t\t\t\t\t<i class=\"fab fa-linkedin\"><\/i>\r\n\t\t\t\t\t<\/a>\r\n\t\t\t\t<\/li>\r\n\t\t\t\t\t\t\t\t<li class=\"elementor-icon premium-person-list-item premium-person-mail\">\r\n\t\t\t\t\t<a href=\"mailto:kaydin@gapas.org.tr\" target=\"_blank\">\r\n\t\t\t\t\t\t<i class=\"fa fa-envelope\"><\/i>\r\n\t\t\t\t\t<\/a>\r\n\t\t\t\t<\/li>\r\n\t\t\t\t<\/ul>\t\t\t<\/div>\r\n\t\t\t\t\t\t\t<\/div>\r\n\t\t\t<\/div>\r\n\t\t\t\t\t\t<\/div>\r\n\t\t\t\t<\/div>\n\t\t\t\t<\/div>\n\t\t\t\t<div class=\"elementor-element elementor-element-edc3626 elementor-widget elementor-widget-premium-addon-person\" data-id=\"edc3626\" data-element_type=\"widget\" data-widget_type=\"premium-addon-person.default\">\n\t\t\t\t<div class=\"elementor-widget-container\">\n\t\t\t\t\t<div class=\"premium-persons-container premium-person-style1\">\r\n\t\t\t\t\t\t<div class=\"premium-person-container premium-person-zoomout-effect\">\r\n\t\t\t\t<div class=\"premium-person-image-container\">\r\n\t\t\t\t\t<img loading=\"lazy\" decoding=\"async\" width=\"768\" height=\"904\" src=\"https:\/\/www.gapas.org.tr\/wp-content\/uploads\/2023\/05\/MS-e1684337170703.jpg\" class=\"attachment-full size-full wp-image-1507\" alt=\"\" srcset=\"https:\/\/www.gapas.org.tr\/wp-content\/uploads\/2023\/05\/MS-e1684337170703.jpg 768w, https:\/\/www.gapas.org.tr\/wp-content\/uploads\/2023\/05\/MS-e1684337170703-255x300.jpg 255w\" sizes=\"(max-width: 768px) 100vw, 768px\" \/>\t\t\t\t\t\t\t\t\t<\/div>\r\n\t\t\t\t<div class=\"premium-person-info\">\r\n\t\t\t\t\t\t\t\t<div class=\"premium-person-info-container\">\r\n\t\t\t\t\t\t\t\t\t<h3 class=\"premium-person-name\">\r\n\t\t\t\t\t\tMehmet SUNGUR\t\t\t\t\t<\/h3>\r\n\t\t\t\t\t\t\t\t\t\t\t<h5 class=\"premium-person-title\">\r\n\t\t\t\t\t\t\t<span>Y\u00f6netim Kurulu Asil \u00dcyesi<\/span>\r\n\t\t\t\t\t\t<\/h5>\r\n\t\t\t\t\t<ul class=\"premium-person-social-list\">\t\t\t\t<li class=\"elementor-icon premium-person-list-item premium-person-linkedin\">\r\n\t\t\t\t\t<a href=\"https:\/\/www.linkedin.com\/in\/netyatirimgayrimenkul\/\" target=\"_blank\">\r\n\t\t\t\t\t\t<i class=\"fab fa-linkedin\"><\/i>\r\n\t\t\t\t\t<\/a>\r\n\t\t\t\t<\/li>\r\n\t\t\t\t\t\t\t\t<li class=\"elementor-icon premium-person-list-item premium-person-mail\">\r\n\t\t\t\t\t<a href=\"mailto:msungur@gapas.org.tr\" target=\"_blank\">\r\n\t\t\t\t\t\t<i class=\"fa fa-envelope\"><\/i>\r\n\t\t\t\t\t<\/a>\r\n\t\t\t\t<\/li>\r\n\t\t\t\t<\/ul>\t\t\t<\/div>\r\n\t\t\t\t\t\t\t<\/div>\r\n\t\t\t<\/div>\r\n\t\t\t\t\t\t<\/div>\r\n\t\t\t\t<\/div>\n\t\t\t\t<\/div>\n\t\t\t\t\t<\/div>\n\t\t<\/div>\n\t\t\t\t<div class=\"elementor-column elementor-col-33 elementor-inner-column elementor-element elementor-element-a256ca4\" data-id=\"a256ca4\" data-element_type=\"column\">\n\t\t\t<div class=\"elementor-widget-wrap elementor-element-populated\">\n\t\t\t\t\t\t\t\t<div class=\"elementor-element elementor-element-808e7dd elementor-widget-tablet__width-initial elementor-widget elementor-widget-premium-addon-person\" data-id=\"808e7dd\" data-element_type=\"widget\" data-widget_type=\"premium-addon-person.default\">\n\t\t\t\t<div class=\"elementor-widget-container\">\n\t\t\t\t\t<div class=\"premium-persons-container premium-person-style1\">\r\n\t\t\t\t\t\t<div class=\"premium-person-container premium-person-zoomout-effect\">\r\n\t\t\t\t<div class=\"premium-person-image-container\">\r\n\t\t\t\t\t<img decoding=\"async\" src=\"https:\/\/www.gapas.org.tr\/wp-content\/uploads\/2025\/10\/Emre-Kalelioglu-2-e1761724751952.jpg\" title=\"Emre Kalelioglu\" alt=\"Emre Kalelioglu\" loading=\"lazy\" \/>\t\t\t\t\t\t\t\t\t<\/div>\r\n\t\t\t\t<div class=\"premium-person-info\">\r\n\t\t\t\t\t\t\t\t<div class=\"premium-person-info-container\">\r\n\t\t\t\t\t\t\t\t\t<h3 class=\"premium-person-name\">\r\n\t\t\t\t\t\tEmre KALEL\u0130O\u011eLU\t\t\t\t\t<\/h3>\r\n\t\t\t\t\t\t\t\t\t\t\t<h5 class=\"premium-person-title\">\r\n\t\t\t\t\t\t\t<span>Y\u00f6netim Kurulu Asil \u00dcyesi<\/span>\r\n\t\t\t\t\t\t<\/h5>\r\n\t\t\t\t\t<ul class=\"premium-person-social-list\">\t\t\t\t<li class=\"elementor-icon premium-person-list-item premium-person-linkedin\">\r\n\t\t\t\t\t<a href=\"https:\/\/www.linkedin.com\/in\/emrekalelioglu\/\" target=\"_blank\">\r\n\t\t\t\t\t\t<i class=\"fab fa-linkedin\"><\/i>\r\n\t\t\t\t\t<\/a>\r\n\t\t\t\t<\/li>\r\n\t\t\t\t\t\t\t\t<li class=\"elementor-icon premium-person-list-item premium-person-mail\">\r\n\t\t\t\t\t<a href=\"mailto:ekalelioglu@gapas.org.tr\" target=\"_blank\">\r\n\t\t\t\t\t\t<i class=\"fa fa-envelope\"><\/i>\r\n\t\t\t\t\t<\/a>\r\n\t\t\t\t<\/li>\r\n\t\t\t\t\t\t\t\t<li class=\"elementor-icon premium-person-list-item premium-person-site\">\r\n\t\t\t\t\t<a href=\"http:\/\/www.gayrimenkulnotlari.com\" target=\"_blank\">\r\n\t\t\t\t\t\t<i class=\"fa fa-link\"><\/i>\r\n\t\t\t\t\t<\/a>\r\n\t\t\t\t<\/li>\r\n\t\t\t\t<\/ul>\t\t\t<\/div>\r\n\t\t\t\t\t\t\t<\/div>\r\n\t\t\t<\/div>\r\n\t\t\t\t\t\t<\/div>\r\n\t\t\t\t<\/div>\n\t\t\t\t<\/div>\n\t\t\t\t<div class=\"elementor-element elementor-element-18b56bf elementor-widget-tablet__width-initial elementor-widget elementor-widget-premium-addon-person\" data-id=\"18b56bf\" data-element_type=\"widget\" data-widget_type=\"premium-addon-person.default\">\n\t\t\t\t<div class=\"elementor-widget-container\">\n\t\t\t\t\t<div class=\"premium-persons-container premium-person-style1\">\r\n\t\t\t\t\t\t<div class=\"premium-person-container premium-person-zoomout-effect\">\r\n\t\t\t\t<div class=\"premium-person-image-container\">\r\n\t\t\t\t\t<img loading=\"lazy\" decoding=\"async\" width=\"966\" height=\"1137\" src=\"https:\/\/www.gapas.org.tr\/wp-content\/uploads\/2025\/10\/Serkan-Arslan-1-e1761725144377.jpg\" class=\"attachment-full size-full wp-image-3165\" alt=\"\" srcset=\"https:\/\/www.gapas.org.tr\/wp-content\/uploads\/2025\/10\/Serkan-Arslan-1-e1761725144377.jpg 966w, https:\/\/www.gapas.org.tr\/wp-content\/uploads\/2025\/10\/Serkan-Arslan-1-e1761725144377-255x300.jpg 255w, https:\/\/www.gapas.org.tr\/wp-content\/uploads\/2025\/10\/Serkan-Arslan-1-e1761725144377-870x1024.jpg 870w, https:\/\/www.gapas.org.tr\/wp-content\/uploads\/2025\/10\/Serkan-Arslan-1-e1761725144377-768x904.jpg 768w\" sizes=\"(max-width: 966px) 100vw, 966px\" \/>\t\t\t\t\t\t\t\t\t<\/div>\r\n\t\t\t\t<div class=\"premium-person-info\">\r\n\t\t\t\t\t\t\t\t<div class=\"premium-person-info-container\">\r\n\t\t\t\t\t\t\t\t\t<h3 class=\"premium-person-name\">\r\n\t\t\t\t\t\tSerkan ARSLAN\t\t\t\t\t<\/h3>\r\n\t\t\t\t\t\t\t\t\t\t\t<h5 class=\"premium-person-title\">\r\n\t\t\t\t\t\t\t<span>Y\u00f6netim Kurulu Asil \u00dcyesi<\/span>\r\n\t\t\t\t\t\t<\/h5>\r\n\t\t\t\t\t<ul class=\"premium-person-social-list\">\t\t\t\t<li class=\"elementor-icon premium-person-list-item premium-person-linkedin\">\r\n\t\t\t\t\t<a href=\"https:\/\/www.linkedin.com\/in\/serkan-arslan-575b90222\/\" target=\"_blank\">\r\n\t\t\t\t\t\t<i class=\"fab fa-linkedin\"><\/i>\r\n\t\t\t\t\t<\/a>\r\n\t\t\t\t<\/li>\r\n\t\t\t\t\t\t\t\t<li class=\"elementor-icon premium-person-list-item premium-person-mail\">\r\n\t\t\t\t\t<a href=\"mailto:sarslan@gapas.org.tr\" target=\"_blank\">\r\n\t\t\t\t\t\t<i class=\"fa fa-envelope\"><\/i>\r\n\t\t\t\t\t<\/a>\r\n\t\t\t\t<\/li>\r\n\t\t\t\t<\/ul>\t\t\t<\/div>\r\n\t\t\t\t\t\t\t<\/div>\r\n\t\t\t<\/div>\r\n\t\t\t\t\t\t<\/div>\r\n\t\t\t\t<\/div>\n\t\t\t\t<\/div>\n\t\t\t\t\t<\/div>\n\t\t<\/div>\n\t\t\t\t\t\t\t<\/div>\n\t\t<\/section>\n\t\t\t\t\t<\/div>\n\t\t<\/div>\n\t\t\t\t\t\t\t<\/div>\n\t\t<\/section>\n\t\t\t\t<section class=\"elementor-section elementor-top-section elementor-element elementor-element-cd3983d elementor-section-boxed elementor-section-height-default elementor-section-height-default\" data-id=\"cd3983d\" data-element_type=\"section\">\n\t\t\t\t\t\t<div class=\"elementor-container elementor-column-gap-default\">\n\t\t\t\t\t<div class=\"elementor-column elementor-col-100 elementor-top-column elementor-element elementor-element-970d2b2\" data-id=\"970d2b2\" data-element_type=\"column\">\n\t\t\t<div class=\"elementor-widget-wrap elementor-element-populated\">\n\t\t\t\t\t\t\t\t<div class=\"elementor-element elementor-element-f099a7f premium-header-inline elementor-widget elementor-widget-premium-addon-dual-header\" data-id=\"f099a7f\" data-element_type=\"widget\" data-widget_type=\"premium-addon-dual-header.default\">\n\t\t\t\t<div class=\"elementor-widget-container\">\n\t\t\t\r\n\t\t\t\t\t<h2 class=\"premium-dual-header-first-header \"><span class=\"premium-dual-header-first-span\">Y\u00f6netim Kurulu - Yedek \u00dcyeler <\/span><\/h2> \t\t\r\n\t\t\t\t<\/div>\n\t\t\t\t<\/div>\n\t\t\t\t<div class=\"elementor-element elementor-element-a7ef545 elementor-widget elementor-widget-heading\" data-id=\"a7ef545\" data-element_type=\"widget\" data-widget_type=\"heading.default\">\n\t\t\t\t<div class=\"elementor-widget-container\">\n\t\t\t<h2 class=\"elementor-heading-title elementor-size-medium\"><b>\u015eeyhmus BORA<br>Halit Erhan OKUTAN<\/b><br><b>Cevdet K\u00d6M\u00dcRC\u00dcO\u011eLU<br>Bayram \u0130NCEO\u011eLU<br>Semin AYRAL<br>Yeliz DOKUZCAN<br>\u0130lkin K\u0130LERC\u0130 G\u00d6N\u00dcLCAN<\/b><\/h2>\t\t<\/div>\n\t\t\t\t<\/div>\n\t\t\t\t<div class=\"elementor-element elementor-element-1cac439 premium-header-inline elementor-widget elementor-widget-premium-addon-dual-header\" data-id=\"1cac439\" data-element_type=\"widget\" data-widget_type=\"premium-addon-dual-header.default\">\n\t\t\t\t<div class=\"elementor-widget-container\">\n\t\t\t\r\n\t\t\t\t\t<h2 class=\"premium-dual-header-first-header \"><span class=\"premium-dual-header-first-span\">Denetim Kurulu - Asil \u00dcyeler <\/span><\/h2> \t\t\r\n\t\t\t\t<\/div>\n\t\t\t\t<\/div>\n\t\t\t\t<div class=\"elementor-element elementor-element-2b041d6 elementor-widget elementor-widget-heading\" data-id=\"2b041d6\" data-element_type=\"widget\" data-widget_type=\"heading.default\">\n\t\t\t\t<div class=\"elementor-widget-container\">\n\t\t\t<h2 class=\"elementor-heading-title elementor-size-medium\"><b>Ali G\u00dcRI\u015eIK (Ba\u015fkan)<\/b><br><b>Mahmut Emre YAL\u00c7IN<\/b><br><b>Suat DEN\u0130Z<\/b><\/h2>\t\t<\/div>\n\t\t\t\t<\/div>\n\t\t\t\t<div class=\"elementor-element elementor-element-5d8a30a premium-header-inline elementor-widget elementor-widget-premium-addon-dual-header\" data-id=\"5d8a30a\" data-element_type=\"widget\" data-widget_type=\"premium-addon-dual-header.default\">\n\t\t\t\t<div class=\"elementor-widget-container\">\n\t\t\t\r\n\t\t\t\t\t<h2 class=\"premium-dual-header-first-header \"><span class=\"premium-dual-header-first-span\">Denetim Kurulu - Yedek \u00dcyeler <\/span><\/h2> \t\t\r\n\t\t\t\t<\/div>\n\t\t\t\t<\/div>\n\t\t\t\t<div class=\"elementor-element elementor-element-45b7d0c elementor-widget elementor-widget-heading\" data-id=\"45b7d0c\" data-element_type=\"widget\" data-widget_type=\"heading.default\">\n\t\t\t\t<div class=\"elementor-widget-container\">\n\t\t\t<h2 class=\"elementor-heading-title elementor-size-medium\"><b>Akay YAM\u00c7\u0130<\/b><br><b>Nejat MER\u0130\u00c7L\u0130<\/b><br><b>\u0130smail \u00d6ZCAN<\/b><\/h2>\t\t<\/div>\n\t\t\t\t<\/div>\n\t\t\t\t\t<\/div>\n\t\t<\/div>\n\t\t\t\t\t\t\t<\/div>\n\t\t<\/section>\n\t\t\t\t\t\t\t<\/div>\n\t\t","protected":false},"excerpt":{"rendered":"<p>Y\u00f6netim Kurulu Ba\u015fkan Mustafa Kemal \u015eAH\u0130N Ba\u015fkan Y\u00f6netim Kurulu &#8211; Asil \u00dcyeler G\u00fclfem TANDO\u011eAN Y\u00f6n. Krl. Ba\u015fkan Yard\u0131mc\u0131s\u0131 Levent KAYIK Y\u00f6netim Kurulu Asil \u00dcyesi Kader AYDIN Y\u00f6netim Kurulu Asil \u00dcyesi Mehmet SUNGUR Y\u00f6netim Kurulu Asil \u00dcyesi Emre KALEL\u0130O\u011eLU Y\u00f6netim Kurulu Asil \u00dcyesi Serkan ARSLAN Y\u00f6netim Kurulu Asil \u00dcyesi Y\u00f6netim Kurulu &#8211; Yedek \u00dcyeler \u015eeyhmus BORAHalit [&hellip;]<\/p>\n","protected":false},"author":1,"featured_media":0,"parent":0,"menu_order":0,"comment_status":"closed","ping_status":"closed","template":"elementor_header_footer","meta":{"footnotes":""},"class_list":["post-500","page","type-page","status-publish","hentry"],"_links":{"self":[{"href":"https:\/\/www.gapas.org.tr\/index.php\/wp-json\/wp\/v2\/pages\/500","targetHints":{"allow":["GET"]}}],"collection":[{"href":"https:\/\/www.gapas.org.tr\/index.php\/wp-json\/wp\/v2\/pages"}],"about":[{"href":"https:\/\/www.gapas.org.tr\/index.php\/wp-json\/wp\/v2\/types\/page"}],"author":[{"embeddable":true,"href":"https:\/\/www.gapas.org.tr\/index.php\/wp-json\/wp\/v2\/users\/1"}],"replies":[{"embeddable":true,"href":"https:\/\/www.gapas.org.tr\/index.php\/wp-json\/wp\/v2\/comments?post=500"}],"version-history":[{"count":450,"href":"https:\/\/www.gapas.org.tr\/index.php\/wp-json\/wp\/v2\/pages\/500\/revisions"}],"predecessor-version":[{"id":3171,"href":"https:\/\/www.gapas.org.tr\/index.php\/wp-json\/wp\/v2\/pages\/500\/revisions\/3171"}],"wp:attachment":[{"href":"https:\/\/www.gapas.org.tr\/index.php\/wp-json\/wp\/v2\/media?parent=500"}],"curies":[{"name":"wp","href":"https:\/\/api.w.org\/{rel}","templated":true}]}}